{"id":1593,"date":"2023-09-30T13:16:44","date_gmt":"2023-09-30T13:16:44","guid":{"rendered":"https:\/\/rayoflightthemes.com\/wordpress-themes\/best-drive-wordpress-theme\/?page_id=1593"},"modified":"2025-02-18T10:09:27","modified_gmt":"2025-02-18T09:09:27","slug":"permis-b-manuelle","status":"publish","type":"page","link":"https:\/\/auto-ecole-turcot.com\/index.php\/permis-b-manuelle\/","title":{"rendered":"Permis B boite manuelle"},"content":{"rendered":"\n<div data-elementor-type=\"wp-page\" data-elementor-id=\"1593\" class=\"elementor elementor-1593\">\n<div class=\"elementor-element elementor-element-484c65c e-transform e-flex e-con-boxed e-con e-parent\" data-id=\"484c65c\" data-element_type=\"container\" data-e-type=\"container\" data-settings=\"{&quot;_transform_translateX_effect&quot;:{&quot;unit&quot;:&quot;px&quot;,&quot;size&quot;:61,&quot;sizes&quot;:[]},&quot;_transform_translateY_effect&quot;:{&quot;unit&quot;:&quot;px&quot;,&quot;size&quot;:86,&quot;sizes&quot;:[]},&quot;_transform_translateX_effect_tablet&quot;:{&quot;unit&quot;:&quot;px&quot;,&quot;size&quot;:&quot;&quot;,&quot;sizes&quot;:[]},&quot;_transform_translateX_effect_mobile&quot;:{&quot;unit&quot;:&quot;px&quot;,&quot;size&quot;:&quot;&quot;,&quot;sizes&quot;:[]},&quot;_transform_translateY_effect_tablet&quot;:{&quot;unit&quot;:&quot;px&quot;,&quot;size&quot;:&quot;&quot;,&quot;sizes&quot;:[]},&quot;_transform_translateY_effect_mobile&quot;:{&quot;unit&quot;:&quot;px&quot;,&quot;size&quot;:&quot;&quot;,&quot;sizes&quot;:[]}}\">\n<div class=\"e-con-inner\">\n<div class=\"elementor-element elementor-element-025f49e e-transform elementor-widget elementor-widget-image\" data-id=\"025f49e\" data-element_type=\"widget\" data-e-type=\"widget\" data-settings=\"{&quot;_transform_rotateZ_effect&quot;:{&quot;unit&quot;:&quot;px&quot;,&quot;size&quot;:25,&quot;sizes&quot;:[]},&quot;_transform_rotateZ_effect_tablet&quot;:{&quot;unit&quot;:&quot;deg&quot;,&quot;size&quot;:&quot;&quot;,&quot;sizes&quot;:[]},&quot;_transform_rotateZ_effect_mobile&quot;:{&quot;unit&quot;:&quot;deg&quot;,&quot;size&quot;:&quot;&quot;,&quot;sizes&quot;:[]}}\" data-widget_type=\"image.default\">\n<div class=\"elementor-widget-container\">\n\t\t\t\t\t\t\t\t\t\t\t\t\t\t\t<img decoding=\"async\" width=\"150\" height=\"150\" src=\"https:\/\/auto-ecole-turcot.com\/wp-content\/uploads\/2024\/12\/Logo-ecole-de-conduite-qualite-150x150.png\" class=\"attachment-thumbnail size-thumbnail wp-image-5811\" alt=\"\" srcset=\"https:\/\/auto-ecole-turcot.com\/wp-content\/uploads\/2024\/12\/Logo-ecole-de-conduite-qualite-150x150.png 150w, https:\/\/auto-ecole-turcot.com\/wp-content\/uploads\/2024\/12\/Logo-ecole-de-conduite-qualite-400x400.png 400w\" sizes=\"(max-width: 150px) 100vw, 150px\" \/>\t\t\t\t\t\t\t\t\t\t\t\t\t\t\t<\/div>\n<\/p><\/div>\n<\/p><\/div>\n<\/p><\/div>\n<section class=\"elementor-section elementor-top-section elementor-element elementor-element-6c85c84 elementor-section-boxed elementor-section-height-default elementor-section-height-default\" data-id=\"6c85c84\" data-element_type=\"section\" data-e-type=\"section\">\n<div class=\"elementor-container elementor-column-gap-default\">\n<div class=\"elementor-column elementor-col-50 elementor-top-column elementor-element elementor-element-2960941\" data-id=\"2960941\" data-element_type=\"column\" data-e-type=\"column\" data-settings=\"{&quot;background_background&quot;:&quot;classic&quot;}\">\n<div class=\"elementor-widget-wrap elementor-element-populated\">\n<div class=\"elementor-background-overlay\"><\/div>\n<div class=\"elementor-element elementor-element-8b527df e-flex e-con-boxed e-con e-parent\" data-id=\"8b527df\" data-element_type=\"container\" data-e-type=\"container\">\n<div class=\"e-con-inner\">\n<div class=\"elementor-element elementor-element-f414376 elementor-widget elementor-widget-text-editor\" data-id=\"f414376\" data-element_type=\"widget\" data-e-type=\"widget\" data-widget_type=\"text-editor.default\">\n<div class=\"elementor-widget-container\">\n<h4>Forfait 20h avec Code\u00a0<\/h4>\n<\/p><\/div>\n<\/p><\/div>\n<div class=\"elementor-element elementor-element-b28b994 elementor-widget elementor-widget-text-editor\" data-id=\"b28b994\" data-element_type=\"widget\" data-e-type=\"widget\" data-widget_type=\"text-editor.default\">\n<div class=\"elementor-widget-container\">\n<h3>1350\u20ac<\/h3>\n<\/p><\/div>\n<\/p><\/div>\n<\/p><\/div>\n<\/p><\/div>\n<div class=\"elementor-element elementor-element-05336af elementor-widget__width-initial elementor-widget-mobile__width-initial elementor-widget-tablet__width-initial elementor-widget elementor-widget-text-editor\" data-id=\"05336af\" data-element_type=\"widget\" data-e-type=\"widget\" data-widget_type=\"text-editor.default\">\n<div class=\"elementor-widget-container\">\n<h5>Contenu :<\/h5>\n<ul>\n<li>Gestion administrative<\/li>\n<li>Kit p\u00e9dagogique (livre de code et livret)<\/li>\n<li>1 acc\u00e8s code en salle et en ligne 6 mois<\/li>\n<li>17 h de conduite (+ 3h<br \/>simulateur)<\/li>\n<\/ul>\n<h5>Facilit\u00e9s de Paiement :<\/h5>\n<ul>\n<li>450\u20ac \u00e0 l\u2019inscription<\/li>\n<li>450\u20ac \u00e0 la r\u00e9servation des heures de conduite<\/li>\n<li>450\u20ac \u00e0 la 10\u00e8me heure de conduite<\/li>\n<\/ul><\/div>\n<\/p><\/div>\n<\/p><\/div>\n<\/p><\/div>\n<div class=\"elementor-column elementor-col-50 elementor-top-column elementor-element elementor-element-bc96f2b\" data-id=\"bc96f2b\" data-element_type=\"column\" data-e-type=\"column\" data-settings=\"{&quot;background_background&quot;:&quot;classic&quot;}\">\n<div class=\"elementor-widget-wrap elementor-element-populated\">\n<div class=\"elementor-background-overlay\"><\/div>\n<div class=\"elementor-element elementor-element-4c080f9 e-flex e-con-boxed e-con e-parent\" data-id=\"4c080f9\" data-element_type=\"container\" data-e-type=\"container\">\n<div class=\"e-con-inner\">\n<div class=\"elementor-element elementor-element-4daa9ee elementor-widget elementor-widget-text-editor\" data-id=\"4daa9ee\" data-element_type=\"widget\" data-e-type=\"widget\" data-widget_type=\"text-editor.default\">\n<div class=\"elementor-widget-container\">\n<h4>Forfait 30h avec Code<\/h4>\n<\/p><\/div>\n<\/p><\/div>\n<div class=\"elementor-element elementor-element-dc80dbb elementor-widget elementor-widget-text-editor\" data-id=\"dc80dbb\" data-element_type=\"widget\" data-e-type=\"widget\" data-widget_type=\"text-editor.default\">\n<div class=\"elementor-widget-container\">\n<h3>1810\u20ac<\/h3>\n<\/p><\/div>\n<\/p><\/div>\n<\/p><\/div>\n<\/p><\/div>\n<div class=\"elementor-element elementor-element-84fb623 elementor-widget__width-initial elementor-widget-mobile__width-initial elementor-widget elementor-widget-text-editor\" data-id=\"84fb623\" data-element_type=\"widget\" data-e-type=\"widget\" data-widget_type=\"text-editor.default\">\n<div class=\"elementor-widget-container\">\n<h5>Contenu :<\/h5>\n<ul>\n<li>Gestion administrative<\/li>\n<li>Kit p\u00e9dagogique (livre de code et livret)<\/li>\n<li>1 acc\u00e8s code en salle et en ligne 6 mois<\/li>\n<li>27 h de conduite (+ 3h<br \/>simulateur)<\/li>\n<\/ul>\n<h5>Facilit\u00e9s de Paiement :<\/h5>\n<ul>\n<li>610\u20ac \u00e0 l\u2019inscription<\/li>\n<li>600\u20ac \u00e0 la r\u00e9servation des heures de conduite<\/li>\n<li>600\u20ac \u00e0 la 10\u00e8me heure de conduite<\/li>\n<\/ul><\/div>\n<\/p><\/div>\n<\/p><\/div>\n<\/p><\/div>\n<\/p><\/div>\n<\/section>\n<section class=\"elementor-section elementor-top-section elementor-element elementor-element-359383f elementor-section-boxed elementor-section-height-default elementor-section-height-default\" data-id=\"359383f\" data-element_type=\"section\" data-e-type=\"section\">\n<div class=\"elementor-container elementor-column-gap-default\">\n<div class=\"elementor-column elementor-col-50 elementor-top-column elementor-element elementor-element-432b462\" data-id=\"432b462\" data-element_type=\"column\" data-e-type=\"column\" data-settings=\"{&quot;background_background&quot;:&quot;classic&quot;}\">\n<div class=\"elementor-widget-wrap elementor-element-populated\">\n<div class=\"elementor-background-overlay\"><\/div>\n<div class=\"elementor-element elementor-element-42a0664 e-flex e-con-boxed e-con e-parent\" data-id=\"42a0664\" data-element_type=\"container\" data-e-type=\"container\">\n<div class=\"e-con-inner\">\n<div class=\"elementor-element elementor-element-d1d67ba elementor-widget elementor-widget-text-editor\" data-id=\"d1d67ba\" data-element_type=\"widget\" data-e-type=\"widget\" data-widget_type=\"text-editor.default\">\n<div class=\"elementor-widget-container\">\n<h4>Forfait 20h sans Code<\/h4>\n<\/p><\/div>\n<\/p><\/div>\n<div class=\"elementor-element elementor-element-20be9b6 elementor-widget elementor-widget-text-editor\" data-id=\"20be9b6\" data-element_type=\"widget\" data-e-type=\"widget\" data-widget_type=\"text-editor.default\">\n<div class=\"elementor-widget-container\">\n<h3>1150\u20ac<\/h3>\n<\/p><\/div>\n<\/p><\/div>\n<\/p><\/div>\n<\/p><\/div>\n<div class=\"elementor-element elementor-element-19f5c1d elementor-widget__width-initial elementor-widget-mobile__width-initial elementor-widget-tablet__width-initial elementor-widget elementor-widget-text-editor\" data-id=\"19f5c1d\" data-element_type=\"widget\" data-e-type=\"widget\" data-widget_type=\"text-editor.default\">\n<div class=\"elementor-widget-container\">\n<h5>Contenu :<\/h5>\n<ul>\n<li>Gestion administrative<\/li>\n<li>Kit p\u00e9dagogique (livret + application Kopilote)<\/li>\n<li>20 h de conduite<\/li>\n<\/ul>\n<h5>Facilit\u00e9s de Paiement :<\/h5>\n<ul>\n<li>390\u20ac \u00e0 l\u2019inscription<\/li>\n<li>380\u20ac \u00e0 la r\u00e9servation des heures de conduite<\/li>\n<li>380\u20ac \u00e0 la 10\u00e8me heure de conduite<\/li>\n<\/ul><\/div>\n<\/p><\/div>\n<\/p><\/div>\n<\/p><\/div>\n<div class=\"elementor-column elementor-col-50 elementor-top-column elementor-element elementor-element-587807d\" data-id=\"587807d\" data-element_type=\"column\" data-e-type=\"column\" data-settings=\"{&quot;background_background&quot;:&quot;classic&quot;}\">\n<div class=\"elementor-widget-wrap elementor-element-populated\">\n<div class=\"elementor-background-overlay\"><\/div>\n<div class=\"elementor-element elementor-element-c4fe69f e-flex e-con-boxed e-con e-parent\" data-id=\"c4fe69f\" data-element_type=\"container\" data-e-type=\"container\">\n<div class=\"e-con-inner\">\n<div class=\"elementor-element elementor-element-5b19fb8 elementor-widget elementor-widget-text-editor\" data-id=\"5b19fb8\" data-element_type=\"widget\" data-e-type=\"widget\" data-widget_type=\"text-editor.default\">\n<div class=\"elementor-widget-container\">\n<h4>Forfait 30h sans Code<\/h4>\n<\/p><\/div>\n<\/p><\/div>\n<div class=\"elementor-element elementor-element-cca864a elementor-widget elementor-widget-text-editor\" data-id=\"cca864a\" data-element_type=\"widget\" data-e-type=\"widget\" data-widget_type=\"text-editor.default\">\n<div class=\"elementor-widget-container\">\n<h3>1595\u20ac<\/h3>\n<\/p><\/div>\n<\/p><\/div>\n<\/p><\/div>\n<\/p><\/div>\n<div class=\"elementor-element elementor-element-803b4a2 elementor-widget__width-initial elementor-widget-mobile__width-initial elementor-widget-tablet__width-initial elementor-widget elementor-widget-text-editor\" data-id=\"803b4a2\" data-element_type=\"widget\" data-e-type=\"widget\" data-widget_type=\"text-editor.default\">\n<div class=\"elementor-widget-container\">\n<h5>Contenu :<\/h5>\n<ul>\n<li>Gestion administrative<\/li>\n<li>Kit p\u00e9dagogique (livret + application Kopilote)<\/li>\n<li>30 h de conduite<\/li>\n<\/ul>\n<h5>Facilit\u00e9s de Paiement :<\/h5>\n<ul>\n<li>555\u20ac \u00e0 l\u2019inscription<\/li>\n<li>525\u20ac \u00e0 la r\u00e9servation des heures de conduite<\/li>\n<li>515\u20ac \u00e0 la 10\u00e8me heure de conduite<\/li>\n<\/ul><\/div>\n<\/p><\/div>\n<\/p><\/div>\n<\/p><\/div>\n<\/p><\/div>\n<\/section>\n<section class=\"elementor-section elementor-top-section elementor-element elementor-element-35d5061 elementor-section-boxed elementor-section-height-default elementor-section-height-default\" data-id=\"35d5061\" data-element_type=\"section\" data-e-type=\"section\">\n<div class=\"elementor-container elementor-column-gap-extended\">\n<div class=\"elementor-column elementor-col-50 elementor-top-column elementor-element elementor-element-ef0e385\" data-id=\"ef0e385\" data-element_type=\"column\" data-e-type=\"column\" data-settings=\"{&quot;background_background&quot;:&quot;classic&quot;}\">\n<div class=\"elementor-widget-wrap elementor-element-populated\">\n<div class=\"elementor-background-overlay\"><\/div>\n<div class=\"elementor-element elementor-element-17c647c e-flex e-con-boxed e-con e-parent\" data-id=\"17c647c\" data-element_type=\"container\" data-e-type=\"container\">\n<div class=\"e-con-inner\">\n<div class=\"elementor-element elementor-element-5e8b427 elementor-widget elementor-widget-text-editor\" data-id=\"5e8b427\" data-element_type=\"widget\" data-e-type=\"widget\" data-widget_type=\"text-editor.default\">\n<div class=\"elementor-widget-container\">\n<h4>PACK Supervis\u00e9<\/h4>\n<\/p><\/div>\n<\/p><\/div>\n<div class=\"elementor-element elementor-element-be37c9e elementor-widget elementor-widget-text-editor\" data-id=\"be37c9e\" data-element_type=\"widget\" data-e-type=\"widget\" data-widget_type=\"text-editor.default\">\n<div class=\"elementor-widget-container\">\n<h3>210\u20ac<\/h3>\n<\/p><\/div>\n<\/p><\/div>\n<\/p><\/div>\n<\/p><\/div>\n<div class=\"elementor-element elementor-element-5618191 elementor-widget__width-initial elementor-widget-mobile__width-initial elementor-widget elementor-widget-text-editor\" data-id=\"5618191\" data-element_type=\"widget\" data-e-type=\"widget\" data-widget_type=\"text-editor.default\">\n<div class=\"elementor-widget-container\">\n<ul>\n<li>Gestion administrative<\/li>\n<li>Kit p\u00e9dagogique<\/li>\n<li>2h de rendez-vous pr\u00e9alable (avec l&rsquo;accompagnateur)<\/li>\n<\/ul><\/div>\n<\/p><\/div>\n<\/p><\/div>\n<\/p><\/div>\n<div class=\"elementor-column elementor-col-50 elementor-top-column elementor-element elementor-element-e4c3fe5\" data-id=\"e4c3fe5\" data-element_type=\"column\" data-e-type=\"column\" data-settings=\"{&quot;background_background&quot;:&quot;classic&quot;}\">\n<div class=\"elementor-widget-wrap elementor-element-populated\">\n<div class=\"elementor-background-overlay\"><\/div>\n<div class=\"elementor-element elementor-element-c3c1d35 e-flex e-con-boxed e-con e-parent\" data-id=\"c3c1d35\" data-element_type=\"container\" data-e-type=\"container\">\n<div class=\"e-con-inner\">\n<div class=\"elementor-element elementor-element-33da878 elementor-widget elementor-widget-text-editor\" data-id=\"33da878\" data-element_type=\"widget\" data-e-type=\"widget\" data-widget_type=\"text-editor.default\">\n<div class=\"elementor-widget-container\">\n<h4>FORFAIT Code<\/h4>\n<\/p><\/div>\n<\/p><\/div>\n<div class=\"elementor-element elementor-element-ae2d5ab elementor-widget elementor-widget-text-editor\" data-id=\"ae2d5ab\" data-element_type=\"widget\" data-e-type=\"widget\" data-widget_type=\"text-editor.default\">\n<div class=\"elementor-widget-container\">\n<h3>350\u20ac<\/h3>\n<\/p><\/div>\n<\/p><\/div>\n<\/p><\/div>\n<\/p><\/div>\n<div class=\"elementor-element elementor-element-b4418b0 elementor-widget__width-initial elementor-widget-mobile__width-initial elementor-widget elementor-widget-text-editor\" data-id=\"b4418b0\" data-element_type=\"widget\" data-e-type=\"widget\" data-widget_type=\"text-editor.default\">\n<div class=\"elementor-widget-container\">\n<ul>\n<li>Gestion administrative<\/li>\n<li>Kit p\u00e9dagogique (livre de code)<\/li>\n<li>Acc\u00e8s salle de code et en ligne 6 mois<\/li>\n<\/ul><\/div>\n<\/p><\/div>\n<\/p><\/div>\n<\/p><\/div>\n<\/p><\/div>\n<\/section>\n<section class=\"elementor-section elementor-top-section elementor-element elementor-element-83cb474 elementor-section-boxed elementor-section-height-default elementor-section-height-default\" data-id=\"83cb474\" data-element_type=\"section\" data-e-type=\"section\">\n<div class=\"elementor-container elementor-column-gap-extended\">\n<div class=\"elementor-column elementor-col-100 elementor-top-column elementor-element elementor-element-5720366\" data-id=\"5720366\" data-element_type=\"column\" data-e-type=\"column\" data-settings=\"{&quot;background_background&quot;:&quot;classic&quot;}\">\n<div class=\"elementor-widget-wrap elementor-element-populated\">\n<div class=\"elementor-background-overlay\"><\/div>\n<div class=\"elementor-element elementor-element-5c5f591 e-flex e-con-boxed e-con e-parent\" data-id=\"5c5f591\" data-element_type=\"container\" data-e-type=\"container\">\n<div class=\"e-con-inner\">\n<div class=\"elementor-element elementor-element-863cb71 elementor-widget elementor-widget-text-editor\" data-id=\"863cb71\" data-element_type=\"widget\" data-e-type=\"widget\" data-widget_type=\"text-editor.default\">\n<div class=\"elementor-widget-container\">\n<h4>PRESTATIONS HORS FORFAIT\u00a0:<\/h4>\n<\/p><\/div>\n<\/p><\/div>\n<\/p><\/div>\n<\/p><\/div>\n<div class=\"elementor-element elementor-element-e00143f elementor-widget__width-initial elementor-widget-mobile__width-initial elementor-widget elementor-widget-text-editor\" data-id=\"e00143f\" data-element_type=\"widget\" data-e-type=\"widget\" data-widget_type=\"text-editor.default\">\n<div class=\"elementor-widget-container\">\n<ul>\n<li>Gestion administrative\u00a0: 180\u20ac<\/li>\n<li>Heure de conduite\u00a0: 65\u20ac<\/li>\n<li>Evaluation de d\u00e9part\u00a0: 65\u20ac<\/li>\n<li>Aide \u00e0 l\u2019inscription ANTS\u00a0: 40\u20ac<\/li>\n<li>Frais d\u2019accompagnement examen permis\u00a0: 65\u20ac<\/li>\n<li>Prolongation forfait code internet 3 mois\u00a0: 45\u20ac<\/li>\n<li>Prolongation forfait code internet et salle 3 mois\u00a0: 90\u20ac<\/li>\n<li>Livre de code\u00a0: 15\u20ac<\/li>\n<li>Forfait 10h de conduite\u00a0: 585\u20ac<\/li>\n<li>Rendez-vous p\u00e9dagogique AAC (th\u00e9orie + pratique) : 120\u20ac<\/li>\n<\/ul><\/div>\n<\/p><\/div>\n<\/p><\/div>\n<\/p><\/div>\n<\/p><\/div>\n<\/section>\n<div class=\"elementor-element elementor-element-ea66764 e-flex e-con-boxed e-con e-parent\" data-id=\"ea66764\" data-element_type=\"container\" data-e-type=\"container\">\n<div class=\"e-con-inner\">\n<div class=\"elementor-element elementor-element-5c81fbf elementor-widget elementor-widget-text-editor\" data-id=\"5c81fbf\" data-element_type=\"widget\" data-e-type=\"widget\" data-widget_type=\"text-editor.default\">\n<div class=\"elementor-widget-container\">\n<h2>1H D\u2019\u00c9VALUATION OFFERTE SI INSCRIPTION<\/h2>\n<\/p><\/div>\n<\/p><\/div>\n<\/p><\/div>\n<\/p><\/div>\n<section class=\"elementor-section elementor-top-section elementor-element elementor-element-86bb060 elementor-section-boxed elementor-section-height-default elementor-section-height-default\" data-id=\"86bb060\" data-element_type=\"section\" data-e-type=\"section\">\n<div class=\"elementor-container elementor-column-gap-extended\">\n<div class=\"elementor-column elementor-col-50 elementor-top-column elementor-element elementor-element-31de169\" data-id=\"31de169\" data-element_type=\"column\" data-e-type=\"column\" data-settings=\"{&quot;background_background&quot;:&quot;classic&quot;}\">\n<div class=\"elementor-widget-wrap elementor-element-populated\">\n<div class=\"elementor-background-overlay\"><\/div>\n<div class=\"elementor-element elementor-element-b8b80ed e-flex e-con-boxed e-con e-parent\" data-id=\"b8b80ed\" data-element_type=\"container\" data-e-type=\"container\">\n<div class=\"e-con-inner\">\n<div class=\"elementor-element elementor-element-c2c6fc9 elementor-widget elementor-widget-text-editor\" data-id=\"c2c6fc9\" data-element_type=\"widget\" data-e-type=\"widget\" data-widget_type=\"text-editor.default\">\n<div class=\"elementor-widget-container\">\n<h4>Pi\u00e8ces \u00e0 fournir\u00a0:<\/h4>\n<\/p><\/div>\n<\/p><\/div>\n<\/p><\/div>\n<\/p><\/div>\n<div class=\"elementor-element elementor-element-cb068db elementor-widget__width-initial elementor-widget-mobile__width-initial elementor-widget elementor-widget-text-editor\" data-id=\"cb068db\" data-element_type=\"widget\" data-e-type=\"widget\" data-widget_type=\"text-editor.default\">\n<div class=\"elementor-widget-container\">\n<ul>\n<li>Pi\u00e8ce d\u2019identit\u00e9 de l\u2019\u00e9l\u00e8ve recto\/verso<\/li>\n<li>Journ\u00e9e de citoyennet\u00e9 (JDC) \u00e0 partir de\u00a017 ans<\/li>\n<li>Justificatif de domicile de moins de 3 mois<\/li>\n<li>Attestation d\u2019h\u00e9bergement<\/li>\n<li>Pi\u00e8ce d\u2019identit\u00e9 de l\u2019h\u00e9bergeant ou des parents (si mineurs)<\/li>\n<li>E-photos (photos permis de conduire \/ service en ligne)<\/li>\n<li>Permis AM, B ou \u00e9tranger si d\u00e9j\u00e0 obtenu<\/li>\n<li>Une enveloppe (A5) et deux timbres<\/li>\n<\/ul><\/div>\n<\/p><\/div>\n<\/p><\/div>\n<\/p><\/div>\n<div class=\"elementor-column elementor-col-50 elementor-top-column elementor-element elementor-element-a9cb857\" data-id=\"a9cb857\" data-element_type=\"column\" data-e-type=\"column\" data-settings=\"{&quot;background_background&quot;:&quot;classic&quot;}\">\n<div class=\"elementor-widget-wrap elementor-element-populated\">\n<div class=\"elementor-background-overlay\"><\/div>\n<div class=\"elementor-element elementor-element-8d65e67 elementor-widget elementor-widget-text-editor\" data-id=\"8d65e67\" data-element_type=\"widget\" data-e-type=\"widget\" data-widget_type=\"text-editor.default\">\n<div class=\"elementor-widget-container\">\n<h4><span style=\"color: #ffffff;\">Contactez nous<\/span><\/h4>\n<\/p><\/div>\n<\/p><\/div>\n<div class=\"elementor-element elementor-element-a72b450 elementor-widget__width-initial elementor-widget elementor-widget-text-editor\" data-id=\"a72b450\" data-element_type=\"widget\" data-e-type=\"widget\" data-widget_type=\"text-editor.default\">\n<div class=\"elementor-widget-container\">\n<p><span style=\"color: #f1f1f1;\">Une question ou besoin d&rsquo;informations ? Contactez-nous ou passez nous voir directement \u00e0 l&rsquo;auto-\u00e9cole, nous serons ravis de vous accueillir !<\/span><\/p>\n<\/p><\/div>\n<\/p><\/div>\n<div class=\"elementor-element elementor-element-92af297 elementor-widget elementor-widget-rtbest-custombutton\" data-id=\"92af297\" data-element_type=\"widget\" data-e-type=\"widget\" data-widget_type=\"rtbest-custombutton.default\">\n<div class=\"elementor-widget-container\">\n<p>  <a class=\"custom-button1 \" href=\"\/index.php\/contact\/\"><span>Cliquez ici<\/span><\/a>\n  \t\t\t\t<\/div>\n<\/p><\/div>\n<\/p><\/div>\n<\/p><\/div>\n<\/p><\/div>\n<\/section><\/div>\n","protected":false},"excerpt":{"rendered":"<p>Forfait 20h avec Code\u00a0 1350\u20ac Contenu : Gestion administrative Kit p\u00e9dagogique (livre de code et livret) 1 acc\u00e8s code en salle et en ligne 6 mois 17 h de conduite (+ 3hsimulateur) Facilit\u00e9s de Paiement : 450\u20ac \u00e0 l\u2019inscription 450\u20ac \u00e0 la r\u00e9servation des heures de conduite 450\u20ac \u00e0 la 10\u00e8me heure de conduite Forfait [&hellip;]<\/p>\n","protected":false},"author":1,"featured_media":0,"parent":0,"menu_order":0,"comment_status":"closed","ping_status":"closed","template":"","meta":{"_acf_changed":false,"footnotes":""},"class_list":["post-1593","page","type-page","status-publish","hentry"],"acf":[],"_links":{"self":[{"href":"https:\/\/auto-ecole-turcot.com\/index.php\/wp-json\/wp\/v2\/pages\/1593","targetHints":{"allow":["GET"]}}],"collection":[{"href":"https:\/\/auto-ecole-turcot.com\/index.php\/wp-json\/wp\/v2\/pages"}],"about":[{"href":"https:\/\/auto-ecole-turcot.com\/index.php\/wp-json\/wp\/v2\/types\/page"}],"author":[{"embeddable":true,"href":"https:\/\/auto-ecole-turcot.com\/index.php\/wp-json\/wp\/v2\/users\/1"}],"replies":[{"embeddable":true,"href":"https:\/\/auto-ecole-turcot.com\/index.php\/wp-json\/wp\/v2\/comments?post=1593"}],"version-history":[{"count":79,"href":"https:\/\/auto-ecole-turcot.com\/index.php\/wp-json\/wp\/v2\/pages\/1593\/revisions"}],"predecessor-version":[{"id":6089,"href":"https:\/\/auto-ecole-turcot.com\/index.php\/wp-json\/wp\/v2\/pages\/1593\/revisions\/6089"}],"wp:attachment":[{"href":"https:\/\/auto-ecole-turcot.com\/index.php\/wp-json\/wp\/v2\/media?parent=1593"}],"curies":[{"name":"wp","href":"https:\/\/api.w.org\/{rel}","templated":true}]}}