{"id":2209,"date":"2023-10-05T18:51:22","date_gmt":"2023-10-05T18:51:22","guid":{"rendered":"https:\/\/rayoflightthemes.com\/wordpress-themes\/best-drive-wordpress-theme\/?page_id=2209"},"modified":"2025-02-04T16:25:18","modified_gmt":"2025-02-04T15:25:18","slug":"contact","status":"publish","type":"page","link":"https:\/\/auto-ecole-turcot.com\/index.php\/contact\/","title":{"rendered":"Contact"},"content":{"rendered":"\n<div data-elementor-type=\"wp-page\" data-elementor-id=\"2209\" class=\"elementor elementor-2209\">\n<section class=\"elementor-section elementor-top-section elementor-element elementor-element-3203c13 elementor-section-boxed elementor-section-height-default elementor-section-height-default\" data-id=\"3203c13\" data-element_type=\"section\" data-e-type=\"section\" data-settings=\"{&quot;background_background&quot;:&quot;classic&quot;}\">\n<div class=\"elementor-container elementor-column-gap-extended\">\n<div class=\"elementor-column elementor-col-50 elementor-top-column elementor-element elementor-element-5b91482\" data-id=\"5b91482\" data-element_type=\"column\" data-e-type=\"column\">\n<div class=\"elementor-widget-wrap elementor-element-populated\">\n<div class=\"elementor-element elementor-element-d008073 elementor-widget elementor-widget-text-editor\" data-id=\"d008073\" data-element_type=\"widget\" data-e-type=\"widget\" data-widget_type=\"text-editor.default\">\n<div class=\"elementor-widget-container\">\n<h2>Contactez nous<\/h2>\n<\/p><\/div>\n<\/p><\/div>\n<div class=\"elementor-element elementor-element-6291d19 elementor-widget elementor-widget-text-editor\" data-id=\"6291d19\" data-element_type=\"widget\" data-e-type=\"widget\" data-widget_type=\"text-editor.default\">\n<div class=\"elementor-widget-container\">\n<p>Une question ou besoin d\u2019informations ? Contactez-nous ou passez nous voir directement \u00e0 l\u2019auto-\u00e9cole, nous serons ravis de vous accueillir !<\/p>\n<\/p><\/div>\n<\/p><\/div>\n<div class=\"elementor-element elementor-element-819c98f elementor-widget elementor-widget-rtbest-textbox2\" data-id=\"819c98f\" data-element_type=\"widget\" data-e-type=\"widget\" data-widget_type=\"rtbest-textbox2.default\">\n<div class=\"elementor-widget-container\">\n<div class=\"textbox2 \">\n<div>\n<p>num\u00e9ro de t\u00e9l\u00e9phone<\/p>\n<\/p><\/div>\n<div class=\"\">\n<h3>01.30.55.29.51<\/h3>\n<\/p><\/div>\n<\/p><\/div>\n<\/p><\/div>\n<\/p><\/div>\n<div class=\"elementor-element elementor-element-0d8eb7e elementor-widget__width-initial elementor-widget elementor-widget-rtbest-textbox2\" data-id=\"0d8eb7e\" data-element_type=\"widget\" data-e-type=\"widget\" data-widget_type=\"rtbest-textbox2.default\">\n<div class=\"elementor-widget-container\">\n<div class=\"textbox2 \">\n<div>\n<p>email<\/p>\n<\/p><\/div>\n<div class=\"\">\n<h3>autoecoleturcot@orange.fr<\/h3>\n<\/p><\/div>\n<\/p><\/div>\n<\/p><\/div>\n<\/p><\/div>\n<div class=\"elementor-element elementor-element-0ca997c elementor-widget elementor-widget-rtbest-textbox2\" data-id=\"0ca997c\" data-element_type=\"widget\" data-e-type=\"widget\" data-widget_type=\"rtbest-textbox2.default\">\n<div class=\"elementor-widget-container\">\n<div class=\"textbox2 \">\n<div>\n<p>adresse<\/p>\n<\/p><\/div>\n<div class=\"\">\n<h3>36 rue Maurice Jouet 78340 Les Clayes sous Bois<\/h3>\n<\/p><\/div>\n<\/p><\/div>\n<\/p><\/div>\n<\/p><\/div>\n<div class=\"elementor-element elementor-element-d1640f2 elementor-widget-divider--view-line elementor-widget elementor-widget-divider\" data-id=\"d1640f2\" data-element_type=\"widget\" data-e-type=\"widget\" data-widget_type=\"divider.default\">\n<div class=\"elementor-widget-container\">\n<div class=\"elementor-divider\">\n\t\t\t<span class=\"elementor-divider-separator\"><br \/>\n\t\t\t\t\t\t<\/span>\n\t\t<\/div>\n<\/p><\/div>\n<\/p><\/div>\n<div class=\"elementor-section elementor-inner-section elementor-element elementor-element-2af3829 elementor-hidden-tablet elementor-hidden-mobile elementor-section-boxed elementor-section-height-default elementor-section-height-default\" data-id=\"2af3829\" data-element_type=\"section\" data-e-type=\"section\">\n<div class=\"elementor-container elementor-column-gap-default\">\n<div class=\"elementor-column elementor-col-50 elementor-inner-column elementor-element elementor-element-9390da6\" data-id=\"9390da6\" data-element_type=\"column\" data-e-type=\"column\">\n<div class=\"elementor-widget-wrap elementor-element-populated\">\n<div class=\"elementor-element elementor-element-1a13122 e-grid-align-left elementor-shape-rounded elementor-grid-0 elementor-widget elementor-widget-social-icons\" data-id=\"1a13122\" data-element_type=\"widget\" data-e-type=\"widget\" data-widget_type=\"social-icons.default\">\n<div class=\"elementor-widget-container\">\n<div class=\"elementor-social-icons-wrapper elementor-grid\" role=\"list\">\n\t\t\t\t\t\t\t<span class=\"elementor-grid-item\" role=\"listitem\"><br \/>\n\t\t\t\t\t<a class=\"elementor-icon elementor-social-icon elementor-social-icon-facebook-f elementor-repeater-item-5c34506\" href=\"https:\/\/www.facebook.com\/people\/AUTO-ECOLE-Turcot\/100063776280751\/\" target=\"_blank\"><br \/>\n\t\t\t\t\t\t<span class=\"elementor-screen-only\">Facebook-f<\/span><br \/>\n\t\t\t\t\t\t<svg aria-hidden=\"true\" class=\"e-font-icon-svg e-fab-facebook-f\" viewBox=\"0 0 320 512\" xmlns=\"http:\/\/www.w3.org\/2000\/svg\"><path d=\"M279.14 288l14.22-92.66h-88.91v-60.13c0-25.35 12.42-50.06 52.24-50.06h40.42V6.26S260.43 0 225.36 0c-73.22 0-121.08 44.38-121.08 124.72v70.62H22.89V288h81.39v224h100.17V288z\"><\/path><\/svg>\t\t\t\t\t<\/a><br \/>\n\t\t\t\t<\/span><br \/>\n\t\t\t\t\t\t\t<span class=\"elementor-grid-item\" role=\"listitem\"><br \/>\n\t\t\t\t\t<a class=\"elementor-icon elementor-social-icon elementor-social-icon-instagram elementor-repeater-item-c8c6134\" href=\"https:\/\/www.instagram.com\/autoecoleturcot\/\" target=\"_blank\"><br \/>\n\t\t\t\t\t\t<span class=\"elementor-screen-only\">Instagram<\/span><br \/>\n\t\t\t\t\t\t<svg aria-hidden=\"true\" class=\"e-font-icon-svg e-fab-instagram\" viewBox=\"0 0 448 512\" xmlns=\"http:\/\/www.w3.org\/2000\/svg\"><path d=\"M224.1 141c-63.6 0-114.9 51.3-114.9 114.9s51.3 114.9 114.9 114.9S339 319.5 339 255.9 287.7 141 224.1 141zm0 189.6c-41.1 0-74.7-33.5-74.7-74.7s33.5-74.7 74.7-74.7 74.7 33.5 74.7 74.7-33.6 74.7-74.7 74.7zm146.4-194.3c0 14.9-12 26.8-26.8 26.8-14.9 0-26.8-12-26.8-26.8s12-26.8 26.8-26.8 26.8 12 26.8 26.8zm76.1 27.2c-1.7-35.9-9.9-67.7-36.2-93.9-26.2-26.2-58-34.4-93.9-36.2-37-2.1-147.9-2.1-184.9 0-35.8 1.7-67.6 9.9-93.9 36.1s-34.4 58-36.2 93.9c-2.1 37-2.1 147.9 0 184.9 1.7 35.9 9.9 67.7 36.2 93.9s58 34.4 93.9 36.2c37 2.1 147.9 2.1 184.9 0 35.9-1.7 67.7-9.9 93.9-36.2 26.2-26.2 34.4-58 36.2-93.9 2.1-37 2.1-147.8 0-184.8zM398.8 388c-7.8 19.6-22.9 34.7-42.6 42.6-29.5 11.7-99.5 9-132.1 9s-102.7 2.6-132.1-9c-19.6-7.8-34.7-22.9-42.6-42.6-11.7-29.5-9-99.5-9-132.1s-2.6-102.7 9-132.1c7.8-19.6 22.9-34.7 42.6-42.6 29.5-11.7 99.5-9 132.1-9s102.7-2.6 132.1 9c19.6 7.8 34.7 22.9 42.6 42.6 11.7 29.5 9 99.5 9 132.1s2.7 102.7-9 132.1z\"><\/path><\/svg>\t\t\t\t\t<\/a><br \/>\n\t\t\t\t<\/span><br \/>\n\t\t\t\t\t\t\t<span class=\"elementor-grid-item\" role=\"listitem\"><br \/>\n\t\t\t\t\t<a class=\"elementor-icon elementor-social-icon elementor-social-icon-tiktok elementor-repeater-item-0271e98\" href=\"https:\/\/www.tiktok.com\/@automotoecoleturcot78\" target=\"_blank\"><br \/>\n\t\t\t\t\t\t<span class=\"elementor-screen-only\">Tiktok<\/span><br \/>\n\t\t\t\t\t\t<svg aria-hidden=\"true\" class=\"e-font-icon-svg e-fab-tiktok\" viewBox=\"0 0 448 512\" xmlns=\"http:\/\/www.w3.org\/2000\/svg\"><path d=\"M448,209.91a210.06,210.06,0,0,1-122.77-39.25V349.38A162.55,162.55,0,1,1,185,188.31V278.2a74.62,74.62,0,1,0,52.23,71.18V0l88,0a121.18,121.18,0,0,0,1.86,22.17h0A122.18,122.18,0,0,0,381,102.39a121.43,121.43,0,0,0,67,20.14Z\"><\/path><\/svg>\t\t\t\t\t<\/a><br \/>\n\t\t\t\t<\/span>\n\t\t\t\t\t<\/div>\n<\/p><\/div>\n<\/p><\/div>\n<\/p><\/div>\n<\/p><\/div>\n<div class=\"elementor-column elementor-col-50 elementor-inner-column elementor-element elementor-element-1c19c15\" data-id=\"1c19c15\" data-element_type=\"column\" data-e-type=\"column\">\n<div class=\"elementor-widget-wrap\">\n\t\t\t\t\t\t\t<\/div>\n<\/p><\/div>\n<\/p><\/div>\n<\/p><\/div>\n<\/p><\/div>\n<\/p><\/div>\n<div class=\"elementor-column elementor-col-50 elementor-top-column elementor-element elementor-element-92baeb1\" data-id=\"92baeb1\" data-element_type=\"column\" data-e-type=\"column\" data-settings=\"{&quot;animation&quot;:&quot;none&quot;}\">\n<div class=\"elementor-widget-wrap elementor-element-populated\">\n<div class=\"elementor-element elementor-element-8ecfee1 elementor-widget elementor-widget-shortcode\" data-id=\"8ecfee1\" data-element_type=\"widget\" data-e-type=\"widget\" data-widget_type=\"shortcode.default\">\n<div class=\"elementor-widget-container\">\n<div class=\"elementor-shortcode\">\n<div class=\"wpcf7 no-js\" id=\"wpcf7-f374-o1\" lang=\"en-US\" dir=\"ltr\" data-wpcf7-id=\"374\">\n<div class=\"screen-reader-response\">\n<p role=\"status\" aria-live=\"polite\" aria-atomic=\"true\">\n<ul><\/ul>\n<\/div>\n<form action=\"\/index.php\/wp-json\/wp\/v2\/pages\/2209#wpcf7-f374-o1\" method=\"post\" class=\"wpcf7-form init\" aria-label=\"Contact form\" novalidate=\"novalidate\" data-status=\"init\">\n<fieldset class=\"hidden-fields-container\"><input type=\"hidden\" name=\"_wpcf7\" value=\"374\" \/><input type=\"hidden\" name=\"_wpcf7_version\" value=\"6.1.5\" \/><input type=\"hidden\" name=\"_wpcf7_locale\" value=\"en_US\" \/><input type=\"hidden\" name=\"_wpcf7_unit_tag\" value=\"wpcf7-f374-o1\" \/><input type=\"hidden\" name=\"_wpcf7_container_post\" value=\"0\" \/><input type=\"hidden\" name=\"_wpcf7_posted_data_hash\" value=\"\" \/><br \/>\n<\/fieldset>\n<div class=\"appointment-form1\">\n<div class=\"appointment-form1-inner\">\n<div class=\"row\">\n<div class=\"col p-0\">\n<h2>Contactez nous<br \/>\n\t\t\t\t<\/h2>\n<\/p><\/div>\n<\/p><\/div>\n<div class=\"row text-left\">\n<div class=\"col-sm-6 inputleft\">\n<p><label>Nom<\/label><br \/>\n<span class=\"wpcf7-form-control-wrap\" data-name=\"votre-nom\"><input size=\"40\" maxlength=\"400\" class=\"wpcf7-form-control wpcf7-text wpcf7-validates-as-required\" aria-required=\"true\" aria-invalid=\"false\" placeholder=\"Votre nom\" value=\"\" type=\"text\" name=\"votre-nom\" \/><\/span>\n\t\t\t\t<\/p>\n<\/p><\/div>\n<div class=\"col-sm-6 inputright\">\n<p><label>Email<\/label><br \/>\n<span class=\"wpcf7-form-control-wrap\" data-name=\"votre-email\"><input size=\"40\" maxlength=\"400\" class=\"wpcf7-form-control wpcf7-email wpcf7-validates-as-required wpcf7-text wpcf7-validates-as-email\" aria-required=\"true\" aria-invalid=\"false\" placeholder=\"Votre adresse email\" value=\"\" type=\"email\" name=\"votre-email\" \/><\/span>\n\t\t\t\t<\/p>\n<\/p><\/div>\n<div class=\"col-sm-12 p-0 text-left\">\n<p><label>Objet<\/label><br \/>\n<span class=\"wpcf7-form-control-wrap\" data-name=\"votre-sujet\"><input size=\"40\" maxlength=\"400\" class=\"wpcf7-form-control wpcf7-text wpcf7-validates-as-required\" aria-required=\"true\" aria-invalid=\"false\" placeholder=\"Sujet du mail\" value=\"\" type=\"text\" name=\"votre-sujet\" \/><\/span>\n\t\t\t\t<\/p>\n<\/p><\/div>\n<div class=\"col-sm-12 p-0 text-left\">\n<p><label>Message<\/label><br \/>\n<span class=\"wpcf7-form-control-wrap\" data-name=\"votre-message\"><textarea cols=\"40\" rows=\"3\" maxlength=\"2000\" class=\"wpcf7-form-control wpcf7-textarea smalltextarea\" aria-invalid=\"false\" placeholder=\"Laissez nous un message\" name=\"votre-message\"><\/textarea><\/span>\n\t\t\t\t<\/p>\n<\/p><\/div>\n<div class=\"col-sm-12 p-0 pt-1\">\n<p><input class=\"wpcf7-form-control wpcf7-submit has-spinner\" type=\"submit\" value=\"Envoyer\" \/>\n\t\t\t\t<\/p>\n<\/p><\/div>\n<\/p><\/div>\n<\/p><\/div>\n<\/div>\n<div class=\"wpcf7-response-output\" aria-hidden=\"true\"><\/div>\n<\/form>\n<\/div>\n<\/div><\/div>\n<\/p><\/div>\n<\/p><\/div>\n<\/p><\/div>\n<\/p><\/div>\n<\/section>\n<div class=\"elementor-section elementor-top-section elementor-element elementor-element-8265143 elementor-section-boxed elementor-section-height-default elementor-section-height-default\" data-id=\"8265143\" data-element_type=\"section\" data-e-type=\"section\">\n<div class=\"elementor-container elementor-column-gap-default\">\n<div class=\"elementor-column elementor-col-100 elementor-top-column elementor-element elementor-element-57c32e7\" data-id=\"57c32e7\" data-element_type=\"column\" data-e-type=\"column\">\n<div class=\"elementor-widget-wrap elementor-element-populated\">\n<div class=\"elementor-element elementor-element-41c7628 elementor-widget elementor-widget-google_maps\" data-id=\"41c7628\" data-element_type=\"widget\" data-e-type=\"widget\" data-widget_type=\"google_maps.default\">\n<div class=\"elementor-widget-container\">\n<div class=\"elementor-custom-embed\">\n\t\t\t<iframe loading=\"lazy\"\n\t\t\t\t\tsrc=\"https:\/\/maps.google.com\/maps?q=36%20rue%20Maurice%20Jouet%2078340%20Les%20Clayes%20sous%20Bois&#038;t=m&#038;z=10&#038;output=embed&#038;iwloc=near\"\n\t\t\t\t\ttitle=\"36 rue Maurice Jouet 78340 Les Clayes sous Bois\"\n\t\t\t\t\taria-label=\"36 rue Maurice Jouet 78340 Les Clayes sous Bois\"\n\t\t\t><\/iframe>\n\t\t<\/div>\n<\/p><\/div>\n<\/p><\/div>\n<\/p><\/div>\n<\/p><\/div>\n<\/p><\/div>\n<\/p><\/div>\n<\/p><\/div>\n","protected":false},"excerpt":{"rendered":"<p>Contactez nous Une question ou besoin d\u2019informations ? Contactez-nous ou passez nous voir directement \u00e0 l\u2019auto-\u00e9cole, nous serons ravis de vous accueillir ! num\u00e9ro de t\u00e9l\u00e9phone 01.30.55.29.51 email autoecoleturcot@orange.fr adresse 36 rue Maurice Jouet 78340 Les Clayes sous Bois Facebook-f Instagram Tiktok<\/p>\n","protected":false},"author":1,"featured_media":0,"parent":0,"menu_order":0,"comment_status":"closed","ping_status":"closed","template":"templates\/page-full-title.php","meta":{"_acf_changed":false,"footnotes":""},"class_list":["post-2209","page","type-page","status-publish","hentry"],"acf":[],"_links":{"self":[{"href":"https:\/\/auto-ecole-turcot.com\/index.php\/wp-json\/wp\/v2\/pages\/2209","targetHints":{"allow":["GET"]}}],"collection":[{"href":"https:\/\/auto-ecole-turcot.com\/index.php\/wp-json\/wp\/v2\/pages"}],"about":[{"href":"https:\/\/auto-ecole-turcot.com\/index.php\/wp-json\/wp\/v2\/types\/page"}],"author":[{"embeddable":true,"href":"https:\/\/auto-ecole-turcot.com\/index.php\/wp-json\/wp\/v2\/users\/1"}],"replies":[{"embeddable":true,"href":"https:\/\/auto-ecole-turcot.com\/index.php\/wp-json\/wp\/v2\/comments?post=2209"}],"version-history":[{"count":63,"href":"https:\/\/auto-ecole-turcot.com\/index.php\/wp-json\/wp\/v2\/pages\/2209\/revisions"}],"predecessor-version":[{"id":6068,"href":"https:\/\/auto-ecole-turcot.com\/index.php\/wp-json\/wp\/v2\/pages\/2209\/revisions\/6068"}],"wp:attachment":[{"href":"https:\/\/auto-ecole-turcot.com\/index.php\/wp-json\/wp\/v2\/media?parent=2209"}],"curies":[{"name":"wp","href":"https:\/\/api.w.org\/{rel}","templated":true}]}}