{"id":5594,"date":"2024-12-17T16:05:25","date_gmt":"2024-12-17T15:05:25","guid":{"rendered":"http:\/\/uqbeepm.cluster027.hosting.ovh.net\/?page_id=5594"},"modified":"2025-02-18T10:23:05","modified_gmt":"2025-02-18T09:23:05","slug":"permis-b-automatique","status":"publish","type":"page","link":"https:\/\/auto-ecole-turcot.com\/index.php\/permis-b-automatique\/","title":{"rendered":"Permis B boite automatique"},"content":{"rendered":"\n<div data-elementor-type=\"wp-page\" data-elementor-id=\"5594\" class=\"elementor elementor-5594\">\n<div class=\"elementor-element elementor-element-45ff5e5 e-transform e-flex e-con-boxed e-con e-parent\" data-id=\"45ff5e5\" data-element_type=\"container\" data-e-type=\"container\" data-settings=\"{&quot;_transform_translateX_effect&quot;:{&quot;unit&quot;:&quot;px&quot;,&quot;size&quot;:61,&quot;sizes&quot;:[]},&quot;_transform_translateY_effect&quot;:{&quot;unit&quot;:&quot;px&quot;,&quot;size&quot;:86,&quot;sizes&quot;:[]},&quot;_transform_translateX_effect_tablet&quot;:{&quot;unit&quot;:&quot;px&quot;,&quot;size&quot;:&quot;&quot;,&quot;sizes&quot;:[]},&quot;_transform_translateX_effect_mobile&quot;:{&quot;unit&quot;:&quot;px&quot;,&quot;size&quot;:&quot;&quot;,&quot;sizes&quot;:[]},&quot;_transform_translateY_effect_tablet&quot;:{&quot;unit&quot;:&quot;px&quot;,&quot;size&quot;:&quot;&quot;,&quot;sizes&quot;:[]},&quot;_transform_translateY_effect_mobile&quot;:{&quot;unit&quot;:&quot;px&quot;,&quot;size&quot;:&quot;&quot;,&quot;sizes&quot;:[]}}\">\n<div class=\"e-con-inner\">\n<div class=\"elementor-element elementor-element-853176f e-transform elementor-widget elementor-widget-image\" data-id=\"853176f\" data-element_type=\"widget\" data-e-type=\"widget\" data-settings=\"{&quot;_transform_rotateZ_effect&quot;:{&quot;unit&quot;:&quot;px&quot;,&quot;size&quot;:25,&quot;sizes&quot;:[]},&quot;_transform_rotateZ_effect_tablet&quot;:{&quot;unit&quot;:&quot;deg&quot;,&quot;size&quot;:&quot;&quot;,&quot;sizes&quot;:[]},&quot;_transform_rotateZ_effect_mobile&quot;:{&quot;unit&quot;:&quot;deg&quot;,&quot;size&quot;:&quot;&quot;,&quot;sizes&quot;:[]}}\" data-widget_type=\"image.default\">\n<div class=\"elementor-widget-container\">\n\t\t\t\t\t\t\t\t\t\t\t\t\t\t\t<img decoding=\"async\" width=\"150\" height=\"150\" src=\"https:\/\/auto-ecole-turcot.com\/wp-content\/uploads\/2024\/12\/Logo-ecole-de-conduite-qualite-150x150.png\" class=\"attachment-thumbnail size-thumbnail wp-image-5811\" alt=\"\" srcset=\"https:\/\/auto-ecole-turcot.com\/wp-content\/uploads\/2024\/12\/Logo-ecole-de-conduite-qualite-150x150.png 150w, https:\/\/auto-ecole-turcot.com\/wp-content\/uploads\/2024\/12\/Logo-ecole-de-conduite-qualite-400x400.png 400w\" sizes=\"(max-width: 150px) 100vw, 150px\" \/>\t\t\t\t\t\t\t\t\t\t\t\t\t\t\t<\/div>\n<\/p><\/div>\n<\/p><\/div>\n<\/p><\/div>\n<section class=\"elementor-section elementor-top-section elementor-element elementor-element-760f97e1 elementor-section-boxed elementor-section-height-default elementor-section-height-default\" data-id=\"760f97e1\" data-element_type=\"section\" data-e-type=\"section\">\n<div class=\"elementor-container elementor-column-gap-default\">\n<div class=\"elementor-column elementor-col-50 elementor-top-column elementor-element elementor-element-b9291cf\" data-id=\"b9291cf\" data-element_type=\"column\" data-e-type=\"column\" data-settings=\"{&quot;background_background&quot;:&quot;classic&quot;}\">\n<div class=\"elementor-widget-wrap elementor-element-populated\">\n<div class=\"elementor-background-overlay\"><\/div>\n<div class=\"elementor-element elementor-element-142f44ef e-flex e-con-boxed e-con e-parent\" data-id=\"142f44ef\" data-element_type=\"container\" data-e-type=\"container\">\n<div class=\"e-con-inner\">\n<div class=\"elementor-element elementor-element-31da5d6d elementor-widget elementor-widget-text-editor\" data-id=\"31da5d6d\" data-element_type=\"widget\" data-e-type=\"widget\" data-widget_type=\"text-editor.default\">\n<div class=\"elementor-widget-container\">\n<h4>FORFAIT 13H avec Code<\/h4>\n<\/p><\/div>\n<\/p><\/div>\n<div class=\"elementor-element elementor-element-12ab5927 elementor-widget elementor-widget-text-editor\" data-id=\"12ab5927\" data-element_type=\"widget\" data-e-type=\"widget\" data-widget_type=\"text-editor.default\">\n<div class=\"elementor-widget-container\">\n<h3>1150\u20ac<\/h3>\n<\/p><\/div>\n<\/p><\/div>\n<\/p><\/div>\n<\/p><\/div>\n<div class=\"elementor-element elementor-element-2ce6e580 elementor-widget__width-initial elementor-widget-mobile__width-initial elementor-widget-tablet__width-initial elementor-widget elementor-widget-text-editor\" data-id=\"2ce6e580\" data-element_type=\"widget\" data-e-type=\"widget\" data-widget_type=\"text-editor.default\">\n<div class=\"elementor-widget-container\">\n<h5>Contenu :<\/h5>\n<ul>\n<li>Gestion administrative<\/li>\n<li>Kit p\u00e9dagogique (livre de code et livret)<\/li>\n<li>1 acc\u00e8s code en salle et en ligne 6 mois<\/li>\n<li>10 h de conduite +3 h simulateur<\/li>\n<\/ul>\n<h5>Facilit\u00e9s de Paiement :<\/h5>\n<ul>\n<li>450\u20ac \u00e0 l\u2019inscription<\/li>\n<li>350\u20ac \u00e0 la r\u00e9servation des heures<br \/>de conduite<\/li>\n<li>350\u20ac \u00e0 la 10 \u00e8me heure de conduite<\/li>\n<\/ul><\/div>\n<\/p><\/div>\n<\/p><\/div>\n<\/p><\/div>\n<div class=\"elementor-column elementor-col-50 elementor-top-column elementor-element elementor-element-7ecd3b96\" data-id=\"7ecd3b96\" data-element_type=\"column\" data-e-type=\"column\" data-settings=\"{&quot;background_background&quot;:&quot;classic&quot;}\">\n<div class=\"elementor-widget-wrap elementor-element-populated\">\n<div class=\"elementor-background-overlay\"><\/div>\n<div class=\"elementor-element elementor-element-6c7d89e8 e-flex e-con-boxed e-con e-parent\" data-id=\"6c7d89e8\" data-element_type=\"container\" data-e-type=\"container\">\n<div class=\"e-con-inner\">\n<div class=\"elementor-element elementor-element-201fe0db elementor-widget elementor-widget-text-editor\" data-id=\"201fe0db\" data-element_type=\"widget\" data-e-type=\"widget\" data-widget_type=\"text-editor.default\">\n<div class=\"elementor-widget-container\">\n<h4>FORFAIT 13H sans Code<\/h4>\n<\/p><\/div>\n<\/p><\/div>\n<div class=\"elementor-element elementor-element-2494e01a elementor-widget elementor-widget-text-editor\" data-id=\"2494e01a\" data-element_type=\"widget\" data-e-type=\"widget\" data-widget_type=\"text-editor.default\">\n<div class=\"elementor-widget-container\">\n<h3>970\u20ac<\/h3>\n<\/p><\/div>\n<\/p><\/div>\n<\/p><\/div>\n<\/p><\/div>\n<div class=\"elementor-element elementor-element-6801b12b elementor-widget__width-initial elementor-widget-mobile__width-initial elementor-widget elementor-widget-text-editor\" data-id=\"6801b12b\" data-element_type=\"widget\" data-e-type=\"widget\" data-widget_type=\"text-editor.default\">\n<div class=\"elementor-widget-container\">\n<h5>Contenu :<\/h5>\n<ul>\n<li>Gestion administrative<\/li>\n<li>Kit p\u00e9dagogique (livre de code et livret)<\/li>\n<li>1 acc\u00e8s code en salle et en ligne 6 mois<\/li>\n<li>10 h de conduite +3 h simulateur<\/li>\n<\/ul>\n<h5>Facilit\u00e9s de Paiement :<\/h5>\n<ul>\n<li>500\u20ac \u00e0 l\u2019inscription<\/li>\n<li>470\u20ac \u00e0 la 10 \u00e8me heure de conduite<\/li>\n<\/ul><\/div>\n<\/p><\/div>\n<\/p><\/div>\n<\/p><\/div>\n<\/p><\/div>\n<\/section>\n<section class=\"elementor-section elementor-top-section elementor-element elementor-element-359383f elementor-section-boxed elementor-section-height-default elementor-section-height-default\" data-id=\"359383f\" data-element_type=\"section\" data-e-type=\"section\">\n<div class=\"elementor-container elementor-column-gap-default\">\n<div class=\"elementor-column elementor-col-50 elementor-top-column elementor-element elementor-element-3a8da57\" data-id=\"3a8da57\" data-element_type=\"column\" data-e-type=\"column\" data-settings=\"{&quot;background_background&quot;:&quot;classic&quot;}\">\n<div class=\"elementor-widget-wrap elementor-element-populated\">\n<div class=\"elementor-background-overlay\"><\/div>\n<div class=\"elementor-element elementor-element-6138a0d elementor-widget elementor-widget-text-editor\" data-id=\"6138a0d\" data-element_type=\"widget\" data-e-type=\"widget\" data-widget_type=\"text-editor.default\">\n<div class=\"elementor-widget-container\">\n<h4>PASSERELLE Bo\u00eete AUtomatique vers boite M\u00e9canique<\/h4>\n<\/p><\/div>\n<\/p><\/div>\n<div class=\"elementor-element elementor-element-4bda602 elementor-widget__width-initial elementor-widget-mobile__width-initial elementor-widget-tablet__width-initial elementor-widget elementor-widget-text-editor\" data-id=\"4bda602\" data-element_type=\"widget\" data-e-type=\"widget\" data-widget_type=\"text-editor.default\">\n<div class=\"elementor-widget-container\">\n<ul>\n<li>Gestion administrative<\/li>\n<li>2h de simulateur + 5h de conduite<\/li>\n<li>Aide \u00e0 la fabrication du permis<\/li>\n<\/ul><\/div>\n<\/p><\/div>\n<section class=\"elementor-section elementor-inner-section elementor-element elementor-element-c93bf7c elementor-section-content-bottom elementor-section-boxed elementor-section-height-default elementor-section-height-default\" data-id=\"c93bf7c\" data-element_type=\"section\" data-e-type=\"section\">\n<div class=\"elementor-container elementor-column-gap-no\">\n<div class=\"elementor-column elementor-col-100 elementor-inner-column elementor-element elementor-element-1f3d2b3\" data-id=\"1f3d2b3\" data-element_type=\"column\" data-e-type=\"column\">\n<div class=\"elementor-widget-wrap elementor-element-populated\">\n<div class=\"elementor-element elementor-element-6975337 elementor-widget__width-initial elementor-widget-tablet__width-initial elementor-widget elementor-widget-text-editor\" data-id=\"6975337\" data-element_type=\"widget\" data-e-type=\"widget\" data-widget_type=\"text-editor.default\">\n<div class=\"elementor-widget-container\">\n<h3>490\u20ac<\/h3>\n<\/p><\/div>\n<\/p><\/div>\n<\/p><\/div>\n<\/p><\/div>\n<\/p><\/div>\n<\/section><\/div>\n<\/p><\/div>\n<div class=\"elementor-column elementor-col-50 elementor-top-column elementor-element elementor-element-ef0e385\" data-id=\"ef0e385\" data-element_type=\"column\" data-e-type=\"column\" data-settings=\"{&quot;background_background&quot;:&quot;classic&quot;}\">\n<div class=\"elementor-widget-wrap elementor-element-populated\">\n<div class=\"elementor-background-overlay\"><\/div>\n<div class=\"elementor-element elementor-element-8e854a7 elementor-widget elementor-widget-text-editor\" data-id=\"8e854a7\" data-element_type=\"widget\" data-e-type=\"widget\" data-widget_type=\"text-editor.default\">\n<div class=\"elementor-widget-container\">\n<h4>PACK Supervis\u00e9 Bo\u00eete Automatique<\/h4>\n<\/p><\/div>\n<\/p><\/div>\n<div class=\"elementor-element elementor-element-5618191 elementor-widget__width-initial elementor-widget-mobile__width-initial elementor-widget elementor-widget-text-editor\" data-id=\"5618191\" data-element_type=\"widget\" data-e-type=\"widget\" data-widget_type=\"text-editor.default\">\n<div class=\"elementor-widget-container\">\n<ul>\n<li>Gestion administrative<\/li>\n<li>Kit P\u00e9dagogique<\/li>\n<li>2h de rendez-vous pr\u00e9alable (avec l&rsquo;accompagnateur)<\/li>\n<\/ul>\n<p>(Valable jusqu&rsquo;\u00e0 la fin de validit\u00e9 de votre code de la route ETG)<\/p>\n<\/p><\/div>\n<\/p><\/div>\n<section class=\"elementor-section elementor-inner-section elementor-element elementor-element-0a1c79d elementor-section-content-bottom elementor-section-boxed elementor-section-height-default elementor-section-height-default\" data-id=\"0a1c79d\" data-element_type=\"section\" data-e-type=\"section\">\n<div class=\"elementor-container elementor-column-gap-no\">\n<div class=\"elementor-column elementor-col-100 elementor-inner-column elementor-element elementor-element-045cf3d\" data-id=\"045cf3d\" data-element_type=\"column\" data-e-type=\"column\">\n<div class=\"elementor-widget-wrap elementor-element-populated\">\n<div class=\"elementor-element elementor-element-5fd186b elementor-widget__width-initial elementor-widget-tablet__width-initial elementor-widget elementor-widget-text-editor\" data-id=\"5fd186b\" data-element_type=\"widget\" data-e-type=\"widget\" data-widget_type=\"text-editor.default\">\n<div class=\"elementor-widget-container\">\n<h3>210\u20ac<\/h3>\n<\/p><\/div>\n<\/p><\/div>\n<\/p><\/div>\n<\/p><\/div>\n<\/p><\/div>\n<\/section><\/div>\n<\/p><\/div>\n<\/p><\/div>\n<\/section>\n<section class=\"elementor-section elementor-top-section elementor-element elementor-element-35d5061 elementor-section-boxed elementor-section-height-default elementor-section-height-default\" data-id=\"35d5061\" data-element_type=\"section\" data-e-type=\"section\">\n<div class=\"elementor-container elementor-column-gap-extended\">\n<div class=\"elementor-column elementor-col-100 elementor-top-column elementor-element elementor-element-e4c3fe5\" data-id=\"e4c3fe5\" data-element_type=\"column\" data-e-type=\"column\" data-settings=\"{&quot;background_background&quot;:&quot;classic&quot;}\">\n<div class=\"elementor-widget-wrap elementor-element-populated\">\n<div class=\"elementor-background-overlay\"><\/div>\n<div class=\"elementor-element elementor-element-679a355 e-flex e-con-boxed e-con e-parent\" data-id=\"679a355\" data-element_type=\"container\" data-e-type=\"container\">\n<div class=\"e-con-inner\">\n<div class=\"elementor-element elementor-element-2db56aa elementor-widget elementor-widget-text-editor\" data-id=\"2db56aa\" data-element_type=\"widget\" data-e-type=\"widget\" data-widget_type=\"text-editor.default\">\n<div class=\"elementor-widget-container\">\n<h4>PRESTATIONS HORS FORFAIT\u00a0:<\/h4>\n<\/p><\/div>\n<\/p><\/div>\n<\/p><\/div>\n<\/p><\/div>\n<div class=\"elementor-element elementor-element-b4418b0 elementor-widget__width-initial elementor-widget-mobile__width-initial elementor-widget elementor-widget-text-editor\" data-id=\"b4418b0\" data-element_type=\"widget\" data-e-type=\"widget\" data-widget_type=\"text-editor.default\">\n<div class=\"elementor-widget-container\">\n<ul>\n<li>Gestion administrative\u00a0: 180\u20ac<\/li>\n<li>Heure de conduite\u00a0: 65\u20ac<\/li>\n<li>Evaluation de d\u00e9part\u00a0: 65\u20ac<\/li>\n<li>Aide \u00e0 l\u2019inscription ANTS\u00a0: 40\u20ac<\/li>\n<li>Frais d\u2019accompagnement examen permis\u00a0: 65\u20ac<\/li>\n<li>Prolongation forfait code internet 3 mois\u00a0: 45\u20ac<\/li>\n<li>Prolongation forfait code internet et salle 3 mois\u00a0: 90\u20ac<\/li>\n<li>Livre de code\u00a0: 15\u20ac<\/li>\n<li>Forfait 10h de conduite\u00a0: 585\u20ac<\/li>\n<li>RDV p\u00e9dagogique AAC (th\u00e9orique + pratique)\u00a0: 120\u20ac<\/li>\n<\/ul><\/div>\n<\/p><\/div>\n<\/p><\/div>\n<\/p><\/div>\n<\/p><\/div>\n<\/section>\n<section class=\"elementor-section elementor-top-section elementor-element elementor-element-d5098ae elementor-section-boxed elementor-section-height-default elementor-section-height-default\" data-id=\"d5098ae\" data-element_type=\"section\" data-e-type=\"section\">\n<div class=\"elementor-container elementor-column-gap-extended\">\n<div class=\"elementor-column elementor-col-50 elementor-top-column elementor-element elementor-element-7a526ce9\" data-id=\"7a526ce9\" data-element_type=\"column\" data-e-type=\"column\" data-settings=\"{&quot;background_background&quot;:&quot;classic&quot;}\">\n<div class=\"elementor-widget-wrap elementor-element-populated\">\n<div class=\"elementor-background-overlay\"><\/div>\n<div class=\"elementor-element elementor-element-11ecff11 e-flex e-con-boxed e-con e-parent\" data-id=\"11ecff11\" data-element_type=\"container\" data-e-type=\"container\">\n<div class=\"e-con-inner\">\n<div class=\"elementor-element elementor-element-67c4bc45 elementor-widget elementor-widget-text-editor\" data-id=\"67c4bc45\" data-element_type=\"widget\" data-e-type=\"widget\" data-widget_type=\"text-editor.default\">\n<div class=\"elementor-widget-container\">\n<h4>Pi\u00e8ces \u00e0 fournir\u00a0:<\/h4>\n<\/p><\/div>\n<\/p><\/div>\n<\/p><\/div>\n<\/p><\/div>\n<div class=\"elementor-element elementor-element-58f0393e elementor-widget__width-initial elementor-widget-mobile__width-initial elementor-widget elementor-widget-text-editor\" data-id=\"58f0393e\" data-element_type=\"widget\" data-e-type=\"widget\" data-widget_type=\"text-editor.default\">\n<div class=\"elementor-widget-container\">\n<ul>\n<li>Pi\u00e8ce d\u2019identit\u00e9 de l\u2019\u00e9l\u00e8ve recto\/verso<\/li>\n<li>Journ\u00e9e de citoyennet\u00e9 (JDC) \u00e0 partir de&nbsp;17 ans<\/li>\n<li>Justificatif de domicile de moins de 3 mois<\/li>\n<li>Attestation d\u2019h\u00e9bergement<\/li>\n<li>Pi\u00e8ce d\u2019identit\u00e9 de l\u2019h\u00e9bergeant ou des parents (si mineurs)<\/li>\n<li>E-photos (photos permis de conduire \/ service en ligne)<\/li>\n<li>Permis AM, B ou \u00e9tranger si d\u00e9j\u00e0 obtenu<\/li>\n<li>Une enveloppe (A5) et deux timbres<\/li>\n<\/ul><\/div>\n<\/p><\/div>\n<\/p><\/div>\n<\/p><\/div>\n<div class=\"elementor-column elementor-col-50 elementor-top-column elementor-element elementor-element-72c6b57\" data-id=\"72c6b57\" data-element_type=\"column\" data-e-type=\"column\" data-settings=\"{&quot;background_background&quot;:&quot;classic&quot;}\">\n<div class=\"elementor-widget-wrap elementor-element-populated\">\n<div class=\"elementor-background-overlay\"><\/div>\n<div class=\"elementor-element elementor-element-064b306 e-flex e-con-boxed e-con e-parent\" data-id=\"064b306\" data-element_type=\"container\" data-e-type=\"container\">\n<div class=\"e-con-inner\">\n<div class=\"elementor-element elementor-element-421aa46 elementor-widget elementor-widget-text-editor\" data-id=\"421aa46\" data-element_type=\"widget\" data-e-type=\"widget\" data-widget_type=\"text-editor.default\">\n<div class=\"elementor-widget-container\">\n<h4>FORFAIT Code<\/h4>\n<\/p><\/div>\n<\/p><\/div>\n<div class=\"elementor-element elementor-element-ea9bd75 elementor-widget elementor-widget-text-editor\" data-id=\"ea9bd75\" data-element_type=\"widget\" data-e-type=\"widget\" data-widget_type=\"text-editor.default\">\n<div class=\"elementor-widget-container\">\n<h3>350\u20ac<\/h3>\n<\/p><\/div>\n<\/p><\/div>\n<\/p><\/div>\n<\/p><\/div>\n<div class=\"elementor-element elementor-element-0510755 elementor-widget__width-initial elementor-widget-mobile__width-initial elementor-widget elementor-widget-text-editor\" data-id=\"0510755\" data-element_type=\"widget\" data-e-type=\"widget\" data-widget_type=\"text-editor.default\">\n<div class=\"elementor-widget-container\">\n<ul>\n<li>Gestion administrative<\/li>\n<li>Kit p\u00e9dagogique (livre de code)<\/li>\n<li>Acc\u00e8s salle de code et en ligne 6 mois<\/li>\n<\/ul><\/div>\n<\/p><\/div>\n<\/p><\/div>\n<\/p><\/div>\n<\/p><\/div>\n<\/section>\n<div class=\"elementor-element elementor-element-94e02e8 e-flex e-con-boxed e-con e-parent\" data-id=\"94e02e8\" data-element_type=\"container\" data-e-type=\"container\">\n<div class=\"e-con-inner\">\n<div class=\"elementor-element elementor-element-8d52264 elementor-widget elementor-widget-text-editor\" data-id=\"8d52264\" data-element_type=\"widget\" data-e-type=\"widget\" data-widget_type=\"text-editor.default\">\n<div class=\"elementor-widget-container\">\n<h2>1H D\u2019\u00c9VALUATION OFFERTE SI INSCRIPTION<\/h2>\n<\/p><\/div>\n<\/p><\/div>\n<\/p><\/div>\n<\/p><\/div>\n<section class=\"elementor-section elementor-top-section elementor-element elementor-element-61cfe3f5 elementor-section-boxed elementor-section-height-default elementor-section-height-default\" data-id=\"61cfe3f5\" data-element_type=\"section\" data-e-type=\"section\">\n<div class=\"elementor-container elementor-column-gap-extended\">\n<div class=\"elementor-column elementor-col-100 elementor-top-column elementor-element elementor-element-33253da3\" data-id=\"33253da3\" data-element_type=\"column\" data-e-type=\"column\" data-settings=\"{&quot;background_background&quot;:&quot;classic&quot;}\">\n<div class=\"elementor-widget-wrap elementor-element-populated\">\n<div class=\"elementor-background-overlay\"><\/div>\n<div class=\"elementor-element elementor-element-dfda8eb elementor-widget elementor-widget-text-editor\" data-id=\"dfda8eb\" data-element_type=\"widget\" data-e-type=\"widget\" data-widget_type=\"text-editor.default\">\n<div class=\"elementor-widget-container\">\n<h4><span style=\"color: #ffffff;\">Contactez nous<\/span><\/h4>\n<\/p><\/div>\n<\/p><\/div>\n<div class=\"elementor-element elementor-element-18e89515 elementor-widget__width-initial elementor-widget elementor-widget-text-editor\" data-id=\"18e89515\" data-element_type=\"widget\" data-e-type=\"widget\" data-widget_type=\"text-editor.default\">\n<div class=\"elementor-widget-container\">\n<p><span style=\"color: #f1f1f1;\">Une question ou besoin d&rsquo;informations ? Contactez-nous ou passez nous voir directement \u00e0 l&rsquo;auto-\u00e9cole, nous serons ravis de vous accueillir !<\/span><\/p>\n<\/p><\/div>\n<\/p><\/div>\n<div class=\"elementor-element elementor-element-900e801 elementor-widget elementor-widget-rtbest-custombutton\" data-id=\"900e801\" data-element_type=\"widget\" data-e-type=\"widget\" data-widget_type=\"rtbest-custombutton.default\">\n<div class=\"elementor-widget-container\">\n<p>  <a class=\"custom-button1 \" href=\"\/index.php\/contact\/\"><span>Cliquez ici<\/span><\/a>\n  \t\t\t\t<\/div>\n<\/p><\/div>\n<\/p><\/div>\n<\/p><\/div>\n<\/p><\/div>\n<\/section><\/div>\n","protected":false},"excerpt":{"rendered":"<p>FORFAIT 13H avec Code 1150\u20ac Contenu : Gestion administrative Kit p\u00e9dagogique (livre de code et livret) 1 acc\u00e8s code en salle et en ligne 6 mois 10 h de conduite +3 h simulateur Facilit\u00e9s de Paiement : 450\u20ac \u00e0 l\u2019inscription 350\u20ac \u00e0 la r\u00e9servation des heuresde conduite 350\u20ac \u00e0 la 10 \u00e8me heure de conduite [&hellip;]<\/p>\n","protected":false},"author":1,"featured_media":0,"parent":0,"menu_order":0,"comment_status":"closed","ping_status":"closed","template":"","meta":{"_acf_changed":false,"footnotes":""},"class_list":["post-5594","page","type-page","status-publish","hentry"],"acf":[],"_links":{"self":[{"href":"https:\/\/auto-ecole-turcot.com\/index.php\/wp-json\/wp\/v2\/pages\/5594","targetHints":{"allow":["GET"]}}],"collection":[{"href":"https:\/\/auto-ecole-turcot.com\/index.php\/wp-json\/wp\/v2\/pages"}],"about":[{"href":"https:\/\/auto-ecole-turcot.com\/index.php\/wp-json\/wp\/v2\/types\/page"}],"author":[{"embeddable":true,"href":"https:\/\/auto-ecole-turcot.com\/index.php\/wp-json\/wp\/v2\/users\/1"}],"replies":[{"embeddable":true,"href":"https:\/\/auto-ecole-turcot.com\/index.php\/wp-json\/wp\/v2\/comments?post=5594"}],"version-history":[{"count":32,"href":"https:\/\/auto-ecole-turcot.com\/index.php\/wp-json\/wp\/v2\/pages\/5594\/revisions"}],"predecessor-version":[{"id":6093,"href":"https:\/\/auto-ecole-turcot.com\/index.php\/wp-json\/wp\/v2\/pages\/5594\/revisions\/6093"}],"wp:attachment":[{"href":"https:\/\/auto-ecole-turcot.com\/index.php\/wp-json\/wp\/v2\/media?parent=5594"}],"curies":[{"name":"wp","href":"https:\/\/api.w.org\/{rel}","templated":true}]}}