{"id":5771,"date":"2024-12-20T10:31:18","date_gmt":"2024-12-20T09:31:18","guid":{"rendered":"http:\/\/uqbeepm.cluster027.hosting.ovh.net\/?page_id=5771"},"modified":"2024-12-20T10:46:44","modified_gmt":"2024-12-20T09:46:44","slug":"permis-am","status":"publish","type":"page","link":"https:\/\/auto-ecole-turcot.com\/index.php\/permis-am\/","title":{"rendered":"Permis AM"},"content":{"rendered":"\n<div data-elementor-type=\"wp-page\" data-elementor-id=\"5771\" class=\"elementor elementor-5771\">\n<section class=\"elementor-section elementor-top-section elementor-element elementor-element-6c85c84 elementor-section-boxed elementor-section-height-default elementor-section-height-default\" data-id=\"6c85c84\" data-element_type=\"section\" data-e-type=\"section\">\n<div class=\"elementor-container elementor-column-gap-default\">\n<div class=\"elementor-column elementor-col-100 elementor-top-column elementor-element elementor-element-2960941\" data-id=\"2960941\" data-element_type=\"column\" data-e-type=\"column\" data-settings=\"{&quot;background_background&quot;:&quot;classic&quot;}\">\n<div class=\"elementor-widget-wrap elementor-element-populated\">\n<div class=\"elementor-background-overlay\"><\/div>\n<div class=\"elementor-element elementor-element-6f81e75 elementor-widget elementor-widget-text-editor\" data-id=\"6f81e75\" data-element_type=\"widget\" data-e-type=\"widget\" data-widget_type=\"text-editor.default\">\n<div class=\"elementor-widget-container\">\n<h4>Permis AM<\/h4>\n<\/p><\/div>\n<\/p><\/div>\n<div class=\"elementor-element elementor-element-05336af elementor-widget__width-initial elementor-widget-mobile__width-initial elementor-widget-tablet__width-initial elementor-widget elementor-widget-text-editor\" data-id=\"05336af\" data-element_type=\"widget\" data-e-type=\"widget\" data-widget_type=\"text-editor.default\">\n<div class=\"elementor-widget-container\">\n<h6>Contenu :<\/h6>\n<ul>\n<li>Un kit p\u00e9dagogique :<\/li>\n<li>2 h de sensibilisation aux risques<\/li>\n<li>3 h de formation pratique hors circulation\n<ul>\n<li>Les \u00e9quipements indispensables<\/li>\n<li>Les organes de son v\u00e9hicule (moteur, frein, pneus&#8230;)<\/li>\n<li>Adapter son comportement hors circulation (les diff\u00e9rents r\u00e9glages, le d\u00e9marrage, l\u2019arr\u00eat, se garer&#8230;)<\/li>\n<\/ul>\n<\/li>\n<li>3 h de formation pratique en circulation\n<ul>\n<li>Guid\u00e9 par votre moniteur gr\u00e2ce \u00e0 une liaison radio<\/li>\n<li>Apprendre \u00e0 rouler en toute s\u00e9curit\u00e9<\/li>\n<li>D\u00e9marrer, freiner, ralentir, acc\u00e9l\u00e9rer, changer de direction, franchir une intersection, bien se positionner sur la chauss\u00e9e, les r\u00e8gles de la circulation&#8230;<\/li>\n<\/ul>\n<\/li>\n<\/ul><\/div>\n<\/p><\/div>\n<\/p><\/div>\n<\/p><\/div>\n<\/p><\/div>\n<\/section>\n<section class=\"elementor-section elementor-top-section elementor-element elementor-element-86bb060 elementor-section-boxed elementor-section-height-default elementor-section-height-default\" data-id=\"86bb060\" data-element_type=\"section\" data-e-type=\"section\">\n<div class=\"elementor-container elementor-column-gap-extended\">\n<div class=\"elementor-column elementor-col-100 elementor-top-column elementor-element elementor-element-a302098\" data-id=\"a302098\" data-element_type=\"column\" data-e-type=\"column\" data-settings=\"{&quot;background_background&quot;:&quot;classic&quot;}\">\n<div class=\"elementor-widget-wrap elementor-element-populated\">\n<div class=\"elementor-background-overlay\"><\/div>\n<div class=\"elementor-element elementor-element-b335aa6 elementor-widget elementor-widget-text-editor\" data-id=\"b335aa6\" data-element_type=\"widget\" data-e-type=\"widget\" data-widget_type=\"text-editor.default\">\n<div class=\"elementor-widget-container\">\n<h4><span style=\"color: #ffffff;\">Contactez nous<\/span><\/h4>\n<\/p><\/div>\n<\/p><\/div>\n<div class=\"elementor-element elementor-element-9cc7931 elementor-widget__width-initial elementor-widget elementor-widget-text-editor\" data-id=\"9cc7931\" data-element_type=\"widget\" data-e-type=\"widget\" data-widget_type=\"text-editor.default\">\n<div class=\"elementor-widget-container\">\n<p><span style=\"color: #f1f1f1;\">Une question ou besoin d&rsquo;informations ? Contactez-nous ou passez nous voir directement \u00e0 l&rsquo;auto-\u00e9cole, nous serons ravis de vous accueillir !<\/span><\/p>\n<\/p><\/div>\n<\/p><\/div>\n<div class=\"elementor-element elementor-element-bb5b5b2 elementor-widget elementor-widget-rtbest-custombutton\" data-id=\"bb5b5b2\" data-element_type=\"widget\" data-e-type=\"widget\" data-widget_type=\"rtbest-custombutton.default\">\n<div class=\"elementor-widget-container\">\n<p>  <a class=\"custom-button1 \" href=\"\/index.php\/contact\/\"><span>Cliquez ici<\/span><\/a>\n  \t\t\t\t<\/div>\n<\/p><\/div>\n<\/p><\/div>\n<\/p><\/div>\n<\/p><\/div>\n<\/section><\/div>\n","protected":false},"excerpt":{"rendered":"<p>Permis AM Contenu : Un kit p\u00e9dagogique : 2 h de sensibilisation aux risques 3 h de formation pratique hors circulation Les \u00e9quipements indispensables Les organes de son v\u00e9hicule (moteur, frein, pneus&#8230;) Adapter son comportement hors circulation (les diff\u00e9rents r\u00e9glages, le d\u00e9marrage, l\u2019arr\u00eat, se garer&#8230;) 3 h de formation pratique en circulation Guid\u00e9 par votre [&hellip;]<\/p>\n","protected":false},"author":1,"featured_media":0,"parent":0,"menu_order":0,"comment_status":"closed","ping_status":"closed","template":"templates\/page-full-title.php","meta":{"_acf_changed":false,"footnotes":""},"class_list":["post-5771","page","type-page","status-publish","hentry"],"acf":[],"_links":{"self":[{"href":"https:\/\/auto-ecole-turcot.com\/index.php\/wp-json\/wp\/v2\/pages\/5771","targetHints":{"allow":["GET"]}}],"collection":[{"href":"https:\/\/auto-ecole-turcot.com\/index.php\/wp-json\/wp\/v2\/pages"}],"about":[{"href":"https:\/\/auto-ecole-turcot.com\/index.php\/wp-json\/wp\/v2\/types\/page"}],"author":[{"embeddable":true,"href":"https:\/\/auto-ecole-turcot.com\/index.php\/wp-json\/wp\/v2\/users\/1"}],"replies":[{"embeddable":true,"href":"https:\/\/auto-ecole-turcot.com\/index.php\/wp-json\/wp\/v2\/comments?post=5771"}],"version-history":[{"count":7,"href":"https:\/\/auto-ecole-turcot.com\/index.php\/wp-json\/wp\/v2\/pages\/5771\/revisions"}],"predecessor-version":[{"id":5781,"href":"https:\/\/auto-ecole-turcot.com\/index.php\/wp-json\/wp\/v2\/pages\/5771\/revisions\/5781"}],"wp:attachment":[{"href":"https:\/\/auto-ecole-turcot.com\/index.php\/wp-json\/wp\/v2\/media?parent=5771"}],"curies":[{"name":"wp","href":"https:\/\/api.w.org\/{rel}","templated":true}]}}