{"id":5885,"date":"2024-12-20T13:34:06","date_gmt":"2024-12-20T12:34:06","guid":{"rendered":"http:\/\/uqbeepm.cluster027.hosting.ovh.net\/?page_id=5885"},"modified":"2025-02-19T14:21:18","modified_gmt":"2025-02-19T13:21:18","slug":"conduite-accompagnee-aac","status":"publish","type":"page","link":"https:\/\/auto-ecole-turcot.com\/index.php\/conduite-accompagnee-aac\/","title":{"rendered":"Conduite Accompagn\u00e9e (AAC)"},"content":{"rendered":"\n<div data-elementor-type=\"wp-page\" data-elementor-id=\"5885\" class=\"elementor elementor-5885\">\n<div class=\"elementor-element elementor-element-1e6f505 e-transform e-flex e-con-boxed e-con e-parent\" data-id=\"1e6f505\" data-element_type=\"container\" data-e-type=\"container\" data-settings=\"{&quot;_transform_translateX_effect&quot;:{&quot;unit&quot;:&quot;px&quot;,&quot;size&quot;:61,&quot;sizes&quot;:[]},&quot;_transform_translateY_effect&quot;:{&quot;unit&quot;:&quot;px&quot;,&quot;size&quot;:86,&quot;sizes&quot;:[]},&quot;_transform_translateX_effect_tablet&quot;:{&quot;unit&quot;:&quot;px&quot;,&quot;size&quot;:&quot;&quot;,&quot;sizes&quot;:[]},&quot;_transform_translateX_effect_mobile&quot;:{&quot;unit&quot;:&quot;px&quot;,&quot;size&quot;:&quot;&quot;,&quot;sizes&quot;:[]},&quot;_transform_translateY_effect_tablet&quot;:{&quot;unit&quot;:&quot;px&quot;,&quot;size&quot;:&quot;&quot;,&quot;sizes&quot;:[]},&quot;_transform_translateY_effect_mobile&quot;:{&quot;unit&quot;:&quot;px&quot;,&quot;size&quot;:&quot;&quot;,&quot;sizes&quot;:[]}}\">\n<div class=\"e-con-inner\">\n<div class=\"elementor-element elementor-element-adedffc e-transform elementor-widget elementor-widget-image\" data-id=\"adedffc\" data-element_type=\"widget\" data-e-type=\"widget\" data-settings=\"{&quot;_transform_rotateZ_effect&quot;:{&quot;unit&quot;:&quot;px&quot;,&quot;size&quot;:25,&quot;sizes&quot;:[]},&quot;_transform_rotateZ_effect_tablet&quot;:{&quot;unit&quot;:&quot;deg&quot;,&quot;size&quot;:&quot;&quot;,&quot;sizes&quot;:[]},&quot;_transform_rotateZ_effect_mobile&quot;:{&quot;unit&quot;:&quot;deg&quot;,&quot;size&quot;:&quot;&quot;,&quot;sizes&quot;:[]}}\" data-widget_type=\"image.default\">\n<div class=\"elementor-widget-container\">\n\t\t\t\t\t\t\t\t\t\t\t\t\t\t\t<img decoding=\"async\" width=\"150\" height=\"150\" src=\"https:\/\/auto-ecole-turcot.com\/wp-content\/uploads\/2024\/12\/Logo-ecole-de-conduite-qualite-150x150.png\" class=\"attachment-thumbnail size-thumbnail wp-image-5811\" alt=\"\" srcset=\"https:\/\/auto-ecole-turcot.com\/wp-content\/uploads\/2024\/12\/Logo-ecole-de-conduite-qualite-150x150.png 150w, https:\/\/auto-ecole-turcot.com\/wp-content\/uploads\/2024\/12\/Logo-ecole-de-conduite-qualite-400x400.png 400w\" sizes=\"(max-width: 150px) 100vw, 150px\" \/>\t\t\t\t\t\t\t\t\t\t\t\t\t\t\t<\/div>\n<\/p><\/div>\n<\/p><\/div>\n<\/p><\/div>\n<section class=\"elementor-section elementor-top-section elementor-element elementor-element-6c85c84 elementor-section-boxed elementor-section-height-default elementor-section-height-default\" data-id=\"6c85c84\" data-element_type=\"section\" data-e-type=\"section\">\n<div class=\"elementor-container elementor-column-gap-default\">\n<div class=\"elementor-column elementor-col-50 elementor-top-column elementor-element elementor-element-9f46b5e\" data-id=\"9f46b5e\" data-element_type=\"column\" data-e-type=\"column\" data-settings=\"{&quot;background_background&quot;:&quot;classic&quot;}\">\n<div class=\"elementor-widget-wrap elementor-element-populated\">\n<div class=\"elementor-background-overlay\"><\/div>\n<div class=\"elementor-element elementor-element-9102ef0 e-flex e-con-boxed e-con e-parent\" data-id=\"9102ef0\" data-element_type=\"container\" data-e-type=\"container\">\n<div class=\"e-con-inner\">\n<div class=\"elementor-element elementor-element-08cbbc0 elementor-widget elementor-widget-text-editor\" data-id=\"08cbbc0\" data-element_type=\"widget\" data-e-type=\"widget\" data-widget_type=\"text-editor.default\">\n<div class=\"elementor-widget-container\">\n<h4>Forfait 20h avec Code\u00a0<\/h4>\n<\/p><\/div>\n<\/p><\/div>\n<div class=\"elementor-element elementor-element-e1ebd2f elementor-widget elementor-widget-text-editor\" data-id=\"e1ebd2f\" data-element_type=\"widget\" data-e-type=\"widget\" data-widget_type=\"text-editor.default\">\n<div class=\"elementor-widget-container\">\n<h3>1420\u20ac<\/h3>\n<\/p><\/div>\n<\/p><\/div>\n<\/p><\/div>\n<\/p><\/div>\n<div class=\"elementor-element elementor-element-361d99b elementor-widget__width-initial elementor-widget-mobile__width-initial elementor-widget-tablet__width-initial elementor-widget elementor-widget-text-editor\" data-id=\"361d99b\" data-element_type=\"widget\" data-e-type=\"widget\" data-widget_type=\"text-editor.default\">\n<div class=\"elementor-widget-container\">\n<h5>Contenu :<\/h5>\n<ul>\n<li>Gestion administrative<\/li>\n<li>Kit p\u00e9dagogique (livre de code et livret<br \/>num\u00e9rique)<\/li>\n<li>1 acc\u00e8s code en salle et en ligne 6 mois<\/li>\n<li>17 h de conduite (+ 3h<br \/>simulateur)<\/li>\n<li>Rendez-vous pr\u00e9alable 2h<br \/>(avec accompagnateur)<\/li>\n<\/ul>\n<h5>Facilit\u00e9s de Paiement :<\/h5>\n<ul>\n<li>490\u20ac \u00e0 l\u2019inscription<\/li>\n<li>465\u20ac \u00e0 la r\u00e9servation des heures<br \/>de conduite<\/li>\n<li>465\u20ac \u00e0 la 10 \u00e8me heure de conduite<\/li>\n<\/ul><\/div>\n<\/p><\/div>\n<\/p><\/div>\n<\/p><\/div>\n<div class=\"elementor-column elementor-col-50 elementor-top-column elementor-element elementor-element-5720366\" data-id=\"5720366\" data-element_type=\"column\" data-e-type=\"column\" data-settings=\"{&quot;background_background&quot;:&quot;classic&quot;}\">\n<div class=\"elementor-widget-wrap elementor-element-populated\">\n<div class=\"elementor-background-overlay\"><\/div>\n<div class=\"elementor-element elementor-element-5c5f591 e-flex e-con-boxed e-con e-parent\" data-id=\"5c5f591\" data-element_type=\"container\" data-e-type=\"container\">\n<div class=\"e-con-inner\">\n<div class=\"elementor-element elementor-element-863cb71 elementor-widget elementor-widget-text-editor\" data-id=\"863cb71\" data-element_type=\"widget\" data-e-type=\"widget\" data-widget_type=\"text-editor.default\">\n<div class=\"elementor-widget-container\">\n<h4>PRESTATIONS HORS FORFAIT\u00a0:<\/h4>\n<\/p><\/div>\n<\/p><\/div>\n<\/p><\/div>\n<\/p><\/div>\n<div class=\"elementor-element elementor-element-e00143f elementor-widget__width-initial elementor-widget-mobile__width-initial elementor-widget elementor-widget-text-editor\" data-id=\"e00143f\" data-element_type=\"widget\" data-e-type=\"widget\" data-widget_type=\"text-editor.default\">\n<div class=\"elementor-widget-container\">\n<ul>\n<li>Gestion administrative\u00a0: 180\u20ac<\/li>\n<li>Heure de conduite\u00a0: 65\u20ac<\/li>\n<li>Evaluation de d\u00e9part\u00a0: 65\u20ac<\/li>\n<li>Aide \u00e0 l\u2019inscription ANTS\u00a0: 40\u20ac<\/li>\n<li>Frais d\u2019accompagnement examen permis\u00a0: 65\u20ac<\/li>\n<li>Prolongation forfait code internet 3 mois\u00a0: 45\u20ac<\/li>\n<li>Prolongation forfait code internet et salle 3 mois\u00a0: 90\u20ac<\/li>\n<li>Livre de code\u00a0: 15\u20ac<\/li>\n<li>Forfait 10h de conduite : 595\u20ac<\/li>\n<li>RDV p\u00e9dagogique (th\u00e9orique + pratique)\u00a0: 120\u20ac<\/li>\n<\/ul><\/div>\n<\/p><\/div>\n<\/p><\/div>\n<\/p><\/div>\n<\/p><\/div>\n<\/section>\n<section class=\"elementor-section elementor-top-section elementor-element elementor-element-83cb474 elementor-section-boxed elementor-section-height-default elementor-section-height-default\" data-id=\"83cb474\" data-element_type=\"section\" data-e-type=\"section\">\n<div class=\"elementor-container elementor-column-gap-extended\">\n<div class=\"elementor-column elementor-col-50 elementor-top-column elementor-element elementor-element-31de169\" data-id=\"31de169\" data-element_type=\"column\" data-e-type=\"column\" data-settings=\"{&quot;background_background&quot;:&quot;classic&quot;}\">\n<div class=\"elementor-widget-wrap elementor-element-populated\">\n<div class=\"elementor-background-overlay\"><\/div>\n<div class=\"elementor-element elementor-element-b8b80ed e-flex e-con-boxed e-con e-parent\" data-id=\"b8b80ed\" data-element_type=\"container\" data-e-type=\"container\">\n<div class=\"e-con-inner\">\n<div class=\"elementor-element elementor-element-c2c6fc9 elementor-widget elementor-widget-text-editor\" data-id=\"c2c6fc9\" data-element_type=\"widget\" data-e-type=\"widget\" data-widget_type=\"text-editor.default\">\n<div class=\"elementor-widget-container\">\n<h4>Pi\u00e8ces \u00e0 fournir\u00a0:<\/h4>\n<\/p><\/div>\n<\/p><\/div>\n<\/p><\/div>\n<\/p><\/div>\n<div class=\"elementor-element elementor-element-cb068db elementor-widget__width-initial elementor-widget-mobile__width-initial elementor-widget elementor-widget-text-editor\" data-id=\"cb068db\" data-element_type=\"widget\" data-e-type=\"widget\" data-widget_type=\"text-editor.default\">\n<div class=\"elementor-widget-container\">\n<ul>\n<li>Pi\u00e8ce d\u2019identit\u00e9 de l\u2019\u00e9l\u00e8ve recto\/verso<\/li>\n<li>Journ\u00e9e de citoyennet\u00e9 (JDC) \u00e0 partir de\u00a017 ans<\/li>\n<li>Justificatif de domicile de moins de 3 mois<\/li>\n<li>Attestation d\u2019h\u00e9bergement<\/li>\n<li>Pi\u00e8ce d\u2019identit\u00e9 de l\u2019h\u00e9bergeant ou des parents (si mineurs)<\/li>\n<li>E-photos (photos permis de conduire \/ service en ligne)<\/li>\n<li>Permis AM, B ou \u00e9tranger si d\u00e9j\u00e0 obtenu<\/li>\n<li>Une enveloppe (A5) et deux timbres<\/li>\n<\/ul><\/div>\n<\/p><\/div>\n<\/p><\/div>\n<\/p><\/div>\n<div class=\"elementor-column elementor-col-50 elementor-top-column elementor-element elementor-element-e4c3fe5\" data-id=\"e4c3fe5\" data-element_type=\"column\" data-e-type=\"column\" data-settings=\"{&quot;background_background&quot;:&quot;classic&quot;}\">\n<div class=\"elementor-widget-wrap elementor-element-populated\">\n<div class=\"elementor-background-overlay\"><\/div>\n<div class=\"elementor-element elementor-element-c3c1d35 e-flex e-con-boxed e-con e-parent\" data-id=\"c3c1d35\" data-element_type=\"container\" data-e-type=\"container\">\n<div class=\"e-con-inner\">\n<div class=\"elementor-element elementor-element-33da878 elementor-widget elementor-widget-text-editor\" data-id=\"33da878\" data-element_type=\"widget\" data-e-type=\"widget\" data-widget_type=\"text-editor.default\">\n<div class=\"elementor-widget-container\">\n<h4>FORFAIT Code<\/h4>\n<\/p><\/div>\n<\/p><\/div>\n<div class=\"elementor-element elementor-element-ae2d5ab elementor-widget elementor-widget-text-editor\" data-id=\"ae2d5ab\" data-element_type=\"widget\" data-e-type=\"widget\" data-widget_type=\"text-editor.default\">\n<div class=\"elementor-widget-container\">\n<h3>350\u20ac<\/h3>\n<\/p><\/div>\n<\/p><\/div>\n<\/p><\/div>\n<\/p><\/div>\n<div class=\"elementor-element elementor-element-b4418b0 elementor-widget__width-initial elementor-widget-mobile__width-initial elementor-widget elementor-widget-text-editor\" data-id=\"b4418b0\" data-element_type=\"widget\" data-e-type=\"widget\" data-widget_type=\"text-editor.default\">\n<div class=\"elementor-widget-container\">\n<ul>\n<li>Gestion administrative<\/li>\n<li>Kit p\u00e9dagogique (livre de code)<\/li>\n<li>Acc\u00e8s salle de code et en ligne 6 mois<\/li>\n<\/ul><\/div>\n<\/p><\/div>\n<\/p><\/div>\n<\/p><\/div>\n<\/p><\/div>\n<\/section>\n<div class=\"elementor-element elementor-element-ea66764 e-flex e-con-boxed e-con e-parent\" data-id=\"ea66764\" data-element_type=\"container\" data-e-type=\"container\">\n<div class=\"e-con-inner\">\n<div class=\"elementor-element elementor-element-5c81fbf elementor-widget elementor-widget-text-editor\" data-id=\"5c81fbf\" data-element_type=\"widget\" data-e-type=\"widget\" data-widget_type=\"text-editor.default\">\n<div class=\"elementor-widget-container\">\n<h2>1H D\u2019\u00c9VALUATION OFFERTE SI INSCRIPTION<\/h2>\n<\/p><\/div>\n<\/p><\/div>\n<\/p><\/div>\n<\/p><\/div>\n<section class=\"elementor-section elementor-top-section elementor-element elementor-element-86bb060 elementor-section-boxed elementor-section-height-default elementor-section-height-default\" data-id=\"86bb060\" data-element_type=\"section\" data-e-type=\"section\">\n<div class=\"elementor-container elementor-column-gap-extended\">\n<div class=\"elementor-column elementor-col-100 elementor-top-column elementor-element elementor-element-a9cb857\" data-id=\"a9cb857\" data-element_type=\"column\" data-e-type=\"column\" data-settings=\"{&quot;background_background&quot;:&quot;classic&quot;}\">\n<div class=\"elementor-widget-wrap elementor-element-populated\">\n<div class=\"elementor-background-overlay\"><\/div>\n<div class=\"elementor-element elementor-element-8d65e67 elementor-widget elementor-widget-text-editor\" data-id=\"8d65e67\" data-element_type=\"widget\" data-e-type=\"widget\" data-widget_type=\"text-editor.default\">\n<div class=\"elementor-widget-container\">\n<h4><span style=\"color: #ffffff;\">Contactez nous<\/span><\/h4>\n<\/p><\/div>\n<\/p><\/div>\n<div class=\"elementor-element elementor-element-a72b450 elementor-widget__width-initial elementor-widget elementor-widget-text-editor\" data-id=\"a72b450\" data-element_type=\"widget\" data-e-type=\"widget\" data-widget_type=\"text-editor.default\">\n<div class=\"elementor-widget-container\">\n<p><span style=\"color: #f1f1f1;\">Une question ou besoin d&rsquo;informations ? Contactez-nous ou passez nous voir directement \u00e0 l&rsquo;auto-\u00e9cole, nous serons ravis de vous accueillir !<\/span><\/p>\n<\/p><\/div>\n<\/p><\/div>\n<div class=\"elementor-element elementor-element-92af297 elementor-widget elementor-widget-rtbest-custombutton\" data-id=\"92af297\" data-element_type=\"widget\" data-e-type=\"widget\" data-widget_type=\"rtbest-custombutton.default\">\n<div class=\"elementor-widget-container\">\n<p>  <a class=\"custom-button1 \" href=\"\/index.php\/contact\/\"><span>Cliquez ici<\/span><\/a>\n  \t\t\t\t<\/div>\n<\/p><\/div>\n<\/p><\/div>\n<\/p><\/div>\n<\/p><\/div>\n<\/section><\/div>\n","protected":false},"excerpt":{"rendered":"<p>Forfait 20h avec Code\u00a0 1420\u20ac Contenu : Gestion administrative Kit p\u00e9dagogique (livre de code et livretnum\u00e9rique) 1 acc\u00e8s code en salle et en ligne 6 mois 17 h de conduite (+ 3hsimulateur) Rendez-vous pr\u00e9alable 2h(avec accompagnateur) Facilit\u00e9s de Paiement : 490\u20ac \u00e0 l\u2019inscription 465\u20ac \u00e0 la r\u00e9servation des heuresde conduite 465\u20ac \u00e0 la 10 \u00e8me [&hellip;]<\/p>\n","protected":false},"author":1,"featured_media":0,"parent":0,"menu_order":0,"comment_status":"closed","ping_status":"closed","template":"","meta":{"_acf_changed":false,"footnotes":""},"class_list":["post-5885","page","type-page","status-publish","hentry"],"acf":[],"_links":{"self":[{"href":"https:\/\/auto-ecole-turcot.com\/index.php\/wp-json\/wp\/v2\/pages\/5885","targetHints":{"allow":["GET"]}}],"collection":[{"href":"https:\/\/auto-ecole-turcot.com\/index.php\/wp-json\/wp\/v2\/pages"}],"about":[{"href":"https:\/\/auto-ecole-turcot.com\/index.php\/wp-json\/wp\/v2\/types\/page"}],"author":[{"embeddable":true,"href":"https:\/\/auto-ecole-turcot.com\/index.php\/wp-json\/wp\/v2\/users\/1"}],"replies":[{"embeddable":true,"href":"https:\/\/auto-ecole-turcot.com\/index.php\/wp-json\/wp\/v2\/comments?post=5885"}],"version-history":[{"count":13,"href":"https:\/\/auto-ecole-turcot.com\/index.php\/wp-json\/wp\/v2\/pages\/5885\/revisions"}],"predecessor-version":[{"id":6109,"href":"https:\/\/auto-ecole-turcot.com\/index.php\/wp-json\/wp\/v2\/pages\/5885\/revisions\/6109"}],"wp:attachment":[{"href":"https:\/\/auto-ecole-turcot.com\/index.php\/wp-json\/wp\/v2\/media?parent=5885"}],"curies":[{"name":"wp","href":"https:\/\/api.w.org\/{rel}","templated":true}]}}